{"id":10920,"date":"2026-02-18T12:37:25","date_gmt":"2026-02-18T12:37:25","guid":{"rendered":"https:\/\/tallersbeauto.com\/politica-de-privacidad\/"},"modified":"2026-02-26T17:18:35","modified_gmt":"2026-02-26T17:18:35","slug":"politica-de-privacidad","status":"publish","type":"page","link":"https:\/\/tallersbeauto.com\/ca\/politica-de-privacidad\/","title":{"rendered":"Pol\u00edtica de privacidad"},"content":{"rendered":"\t\t<div data-elementor-type=\"wp-page\" data-elementor-id=\"10920\" class=\"elementor elementor-10920 elementor-10883\">\n\t\t\t\t<div class=\"elementor-element elementor-element-b5773fa e-flex e-con-boxed e-con e-parent\" data-id=\"b5773fa\" data-element_type=\"container\" data-e-type=\"container\">\n\t\t\t\t\t<div class=\"e-con-inner\">\n\t\t<div class=\"elementor-element elementor-element-0e6b6c4 e-grid e-con-full e-con e-child\" data-id=\"0e6b6c4\" data-element_type=\"container\" data-e-type=\"container\">\n\t\t<div class=\"elementor-element elementor-element-d731116 e-con-full e-flex elementor-invisible e-con e-child\" data-id=\"d731116\" data-element_type=\"container\" data-e-type=\"container\" data-settings=\"{&quot;animation&quot;:&quot;fadeInRight&quot;}\">\n\t\t\t\t<div class=\"elementor-element elementor-element-17faa98 elementor-widget elementor-widget-text-editor\" data-id=\"17faa98\" data-element_type=\"widget\" data-e-type=\"widget\" data-widget_type=\"text-editor.default\">\n\t\t\t\t<div class=\"elementor-widget-container\">\n\t\t\t\t\t\t\t\t\t<p>\u00a0<\/p><p>En Tallers Beauto S.L.\u00a0nos preocupamos por la privacidad y la transparencia.<br \/>A continuaci\u00f3n, le indicamos en detalle los tratamientos de datos personales que realizamos, as\u00ed como toda la informaci\u00f3n relativa a estos.<\/p><p>Cl\u00e1usula informativa para el e-mail<br \/>Informaci\u00f3n b\u00e1sica sobre Protecci\u00f3n de datos<br \/>Responsable: Tallers Beauto SL<br \/>Finalidad: Realizar la gesti\u00f3n administrativa, contable y fiscal, as\u00ed como enviarle comunicaciones comerciales sobre nuestros productos y\/o servicios.<br \/>Legitimaci\u00f3n: Inter\u00e9s leg\u00edtimo del Responsable.<br \/>Consentimiento del interesado.<br \/>Destinatarios: No se ceder\u00e1n datos a terceros, excepto obligaci\u00f3n legal.<br \/>Derechos: Tiene derecho a acceder, rectificar y suprimir los datos, as\u00ed como otros derechos, indicados en la informaci\u00f3n adicional, que puede ejercer puede ejercer los derechos en iando un correo a admin@tallersbeauto.com<br \/>Procedencia: El propio interesado.<br \/>Informaci\u00f3n completa sobre Protecci\u00f3n de Datos<\/p><h4>1. Qui\u00e9n es el responsable del tratamiento de sus datos?<\/h4><p>Tallers Beauto S.L.<\/p><div>B25368556<\/div><div>P.L.&#8221;El Segre&#8221; Josep Segura Farre Parc.724 A3<\/div><div>25191 Lleida (Lleida)<\/div><p>admin@tallersbeauto.com<br \/>+34 973 212 223<\/p><h4>2. Con qu\u00e9 finalidad tratamos sus datos personales?<\/h4><p>En Tallers Beauto S.L. tratamos la informaci\u00f3n que nos facilitan las personas interesadas con el fin de realizar la gesti\u00f3n administrativa, contable y fiscal, as\u00ed como enviarle comunicaciones comerciales sobre nuestros productos y\/o servicios. En el supuesto de que no facilite sus datos personales, no podremos cumplir con las funcionalidades descritas anteriormente.<br \/>No existen decisiones automatizadas.<\/p><h4>3. Por cu\u00e1nto tiempo conservaremos sus datos?<\/h4><p>Los datos de las direcciones de correo electr\u00f3nico se guardar\u00e1n indefinidamente o hasta que el interesado solicite la cancelaci\u00f3n.<\/p><h4>4. Cu\u00e1l es la legitimaci\u00f3n para el tratamiento de sus datos?<\/h4><p>Le indicamos la base legal para el tratamiento de sus datos:<\/p><p>Inter\u00e9s leg\u00edtimo del Responsable: para la prestaci\u00f3ndel servicio<br \/>Consentimiento del interesado.<\/p><h4>5. A qu\u00e9 destinatarios se comunicar\u00e1n sus datos?<\/h4><p>No se ceder\u00e1n datos a terceros, excepto obligaci\u00f3n legal.<\/p><h4>6. Transferencias de datos en terceros pa\u00edses<\/h4><p>No est\u00e1n previstas transferencias de datos en terceros pa\u00edses.<\/p><h4>7. Cu\u00e1les son sus derechos cuando nos facilita sus datos?<\/h4><p>Cualquier persona tiene derecho a obtener confirmaci\u00f3n sobre s\u00ed en Tallers Beauto S.L.\u00a0estamos tratando, o no, datos personales que los conciernan.<br \/>Las personas interesadas tienen derecho a acceder a sus datos personales, as\u00ed como a solicitar la rectificaci\u00f3n de los datos inexactos o, en su caso, solicitar su supresi\u00f3n cuando, entre otros motivos, los datos ya no sean necesarios para los hasta que fueron recogidos. Igualmente tiene derecho a la portabilidad de sus datos.<br \/>En determinadas circunstancias, los interesados podr\u00e1n solicitar la limitaci\u00f3n del tratamiento de sus datos, y en este caso \u00fanicamente los conservaremos para el ejercicio o la defensa de reclamaciones.<br \/>En determinadas circunstancias y por motivos relacionados con su situaci\u00f3n particular, los interesados podr\u00e1n oponerse al tratamiento de sus datos. En este caso, Tallers Beauto S.L. dejar\u00e1 de tratar los datos, excepto por motivos leg\u00edtimos imperiosos, o el ejercicio o la defensa de posibles reclamaciones.<br \/>Podr\u00e1 ejercitar materialmente sus derechos de la manera siguiente: puede ejercer los derechos enviando un correo a admin@tallersbeauto.com <br \/>Cuando se realice el env\u00edo de comunicaciones comerciales utilizando como base jur\u00eddica el inter\u00e9s leg\u00edtimo del responsable, el interesado podr\u00e1 oponerse al tratamiento de sus datos con este fin.<br \/>Si ha otorgado su consentimiento para alguna finalidad concreta, tiene derecho a retirar el consentimiento otorgado en cualquier momento, sin que esto afecte la licitud del tratamiento basado en el consentimiento previo a su retirada.<br \/>En caso de que sienta vulnerados sus derechos en lo concerniente a la protecci\u00f3n de sus datos personales, especialmente cuando no haya obtenido satisfacci\u00f3n en el ejercicio de sus derechos, puede presentar una reclamaci\u00f3n ante la Autoridad de Control en materia de Protecci\u00f3n de Datos competente a trav\u00e9s de su sitio web:www.aepd.es.<\/p><h4>8. C\u00f3mo hemos obtenido sus datos?<\/h4><p>Los datos personales que tratamos en Tallers Beauto S.L. proceden de: El propio interesado.<br \/>Las categor\u00edas de datos que se tratan son:<\/p><p>Direcciones postales y electr\u00f3nicas.<\/p><p>Tratamiento de los datos de candidatos a un puesto de trabajo<br \/>Informaci\u00f3n b\u00e1sica sobre Protecci\u00f3n de datos<br \/>Responsable Tallers Beauto S.L.<br \/>Finalidad: Realizar los procesos de selecci\u00f3n de personal.<br \/>Legitimaci\u00f3n: Consentimiento del interesado.<br \/>Destinatarios: No se ceder\u00e1n datos a terceros, excepto obligaci\u00f3n legal.<br \/>Derechos: Tiene derecho a acceder, rectificar y suprimir los datos, as\u00ed como otros derechos, indicados en la informaci\u00f3n adicional, que puede ejercer dirigi\u00e9ndose a la direcci\u00f3n del responsable del tratamiento.<br \/>Procedencia: El propio interesado.<\/p>\t\t\t\t\t\t\t\t<\/div>\n\t\t\t\t<\/div>\n\t\t\t\t<\/div>\n\t\t\t\t<\/div>\n\t\t\t\t\t<\/div>\n\t\t\t\t<\/div>\n\t\t\t\t<\/div>\n\t\t","protected":false},"excerpt":{"rendered":"<p>\u00a0 En Tallers Beauto S.L.\u00a0nos preocupamos por la privacidad y la transparencia.A continuaci\u00f3n, le indicamos en detalle los tratamientos de datos personales que realizamos, as\u00ed como toda la informaci\u00f3n relativa a estos. Cl\u00e1usula informativa para el e-mailInformaci\u00f3n b\u00e1sica sobre Protecci\u00f3n de datosResponsable: Tallers Beauto SLFinalidad: Realizar la gesti\u00f3n administrativa, contable y fiscal, as\u00ed como enviarle<\/p>\n","protected":false},"author":1,"featured_media":0,"parent":0,"menu_order":0,"comment_status":"closed","ping_status":"closed","template":"elementor_header_footer","meta":{"inline_featured_image":false,"footnotes":""},"class_list":["post-10920","page","type-page","status-publish","hentry"],"yoast_head":"<!-- This site is optimized with the Yoast SEO plugin v27.1.1 - https:\/\/yoast.com\/product\/yoast-seo-wordpress\/ -->\n<title>Pol\u00edtica de privacidad - Talleres Beauto<\/title>\n<meta name=\"robots\" content=\"index, follow, max-snippet:-1, max-image-preview:large, max-video-preview:-1\" \/>\n<link rel=\"canonical\" href=\"https:\/\/tallersbeauto.com\/ca\/politica-de-privacidad\/\" \/>\n<meta property=\"og:locale\" content=\"ca_ES\" \/>\n<meta property=\"og:type\" content=\"article\" \/>\n<meta property=\"og:title\" content=\"Pol\u00edtica de privacidad - Talleres Beauto\" \/>\n<meta property=\"og:description\" content=\"\u00a0 En Tallers Beauto S.L.\u00a0nos preocupamos por la privacidad y la transparencia.A continuaci\u00f3n, le indicamos en detalle los tratamientos de datos personales que realizamos, as\u00ed como toda la informaci\u00f3n relativa a estos. Cl\u00e1usula informativa para el e-mailInformaci\u00f3n b\u00e1sica sobre Protecci\u00f3n de datosResponsable: Tallers Beauto SLFinalidad: Realizar la gesti\u00f3n administrativa, contable y fiscal, as\u00ed como enviarle\" \/>\n<meta property=\"og:url\" content=\"https:\/\/tallersbeauto.com\/ca\/politica-de-privacidad\/\" \/>\n<meta property=\"og:site_name\" content=\"Talleres Beauto\" \/>\n<meta property=\"article:modified_time\" content=\"2026-02-26T17:18:35+00:00\" \/>\n<meta name=\"twitter:card\" content=\"summary_large_image\" \/>\n<meta name=\"twitter:label1\" content=\"Temps estimat de lectura\" \/>\n\t<meta name=\"twitter:data1\" content=\"4 minuts\" \/>\n<script type=\"application\/ld+json\" class=\"yoast-schema-graph\">{\"@context\":\"https:\/\/schema.org\",\"@graph\":[{\"@type\":\"WebPage\",\"@id\":\"https:\/\/tallersbeauto.com\/ca\/politica-de-privacidad\/\",\"url\":\"https:\/\/tallersbeauto.com\/ca\/politica-de-privacidad\/\",\"name\":\"Pol\u00edtica de privacidad - Talleres Beauto\",\"isPartOf\":{\"@id\":\"https:\/\/tallersbeauto.com\/ca\/#website\"},\"datePublished\":\"2026-02-18T12:37:25+00:00\",\"dateModified\":\"2026-02-26T17:18:35+00:00\",\"breadcrumb\":{\"@id\":\"https:\/\/tallersbeauto.com\/ca\/politica-de-privacidad\/#breadcrumb\"},\"inLanguage\":\"ca\",\"potentialAction\":[{\"@type\":\"ReadAction\",\"target\":[\"https:\/\/tallersbeauto.com\/ca\/politica-de-privacidad\/\"]}]},{\"@type\":\"BreadcrumbList\",\"@id\":\"https:\/\/tallersbeauto.com\/ca\/politica-de-privacidad\/#breadcrumb\",\"itemListElement\":[{\"@type\":\"ListItem\",\"position\":1,\"name\":\"Portada\",\"item\":\"https:\/\/tallersbeauto.com\/ca\/\"},{\"@type\":\"ListItem\",\"position\":2,\"name\":\"Pol\u00edtica de privacidad\"}]},{\"@type\":\"WebSite\",\"@id\":\"https:\/\/tallersbeauto.com\/ca\/#website\",\"url\":\"https:\/\/tallersbeauto.com\/ca\/\",\"name\":\"Talleres Beauto\",\"description\":\"Tu taller de confianza\",\"publisher\":{\"@id\":\"https:\/\/tallersbeauto.com\/ca\/#organization\"},\"potentialAction\":[{\"@type\":\"SearchAction\",\"target\":{\"@type\":\"EntryPoint\",\"urlTemplate\":\"https:\/\/tallersbeauto.com\/ca\/?s={search_term_string}\"},\"query-input\":{\"@type\":\"PropertyValueSpecification\",\"valueRequired\":true,\"valueName\":\"search_term_string\"}}],\"inLanguage\":\"ca\"},{\"@type\":\"Organization\",\"@id\":\"https:\/\/tallersbeauto.com\/ca\/#organization\",\"name\":\"Talleres Beauto\",\"url\":\"https:\/\/tallersbeauto.com\/ca\/\",\"logo\":{\"@type\":\"ImageObject\",\"inLanguage\":\"ca\",\"@id\":\"https:\/\/tallersbeauto.com\/ca\/#\/schema\/logo\/image\/\",\"url\":\"https:\/\/tallersbeauto.com\/wp-content\/uploads\/2026\/02\/logo-tb-80.png\",\"contentUrl\":\"https:\/\/tallersbeauto.com\/wp-content\/uploads\/2026\/02\/logo-tb-80.png\",\"width\":112,\"height\":90,\"caption\":\"Talleres Beauto\"},\"image\":{\"@id\":\"https:\/\/tallersbeauto.com\/ca\/#\/schema\/logo\/image\/\"}}]}<\/script>\n<!-- \/ Yoast SEO plugin. -->","yoast_head_json":{"title":"Pol\u00edtica de privacidad - Talleres Beauto","robots":{"index":"index","follow":"follow","max-snippet":"max-snippet:-1","max-image-preview":"max-image-preview:large","max-video-preview":"max-video-preview:-1"},"canonical":"https:\/\/tallersbeauto.com\/ca\/politica-de-privacidad\/","og_locale":"ca_ES","og_type":"article","og_title":"Pol\u00edtica de privacidad - Talleres Beauto","og_description":"\u00a0 En Tallers Beauto S.L.\u00a0nos preocupamos por la privacidad y la transparencia.A continuaci\u00f3n, le indicamos en detalle los tratamientos de datos personales que realizamos, as\u00ed como toda la informaci\u00f3n relativa a estos. Cl\u00e1usula informativa para el e-mailInformaci\u00f3n b\u00e1sica sobre Protecci\u00f3n de datosResponsable: Tallers Beauto SLFinalidad: Realizar la gesti\u00f3n administrativa, contable y fiscal, as\u00ed como enviarle","og_url":"https:\/\/tallersbeauto.com\/ca\/politica-de-privacidad\/","og_site_name":"Talleres Beauto","article_modified_time":"2026-02-26T17:18:35+00:00","twitter_card":"summary_large_image","twitter_misc":{"Temps estimat de lectura":"4 minuts"},"schema":{"@context":"https:\/\/schema.org","@graph":[{"@type":"WebPage","@id":"https:\/\/tallersbeauto.com\/ca\/politica-de-privacidad\/","url":"https:\/\/tallersbeauto.com\/ca\/politica-de-privacidad\/","name":"Pol\u00edtica de privacidad - Talleres Beauto","isPartOf":{"@id":"https:\/\/tallersbeauto.com\/ca\/#website"},"datePublished":"2026-02-18T12:37:25+00:00","dateModified":"2026-02-26T17:18:35+00:00","breadcrumb":{"@id":"https:\/\/tallersbeauto.com\/ca\/politica-de-privacidad\/#breadcrumb"},"inLanguage":"ca","potentialAction":[{"@type":"ReadAction","target":["https:\/\/tallersbeauto.com\/ca\/politica-de-privacidad\/"]}]},{"@type":"BreadcrumbList","@id":"https:\/\/tallersbeauto.com\/ca\/politica-de-privacidad\/#breadcrumb","itemListElement":[{"@type":"ListItem","position":1,"name":"Portada","item":"https:\/\/tallersbeauto.com\/ca\/"},{"@type":"ListItem","position":2,"name":"Pol\u00edtica de privacidad"}]},{"@type":"WebSite","@id":"https:\/\/tallersbeauto.com\/ca\/#website","url":"https:\/\/tallersbeauto.com\/ca\/","name":"Talleres Beauto","description":"Tu taller de confianza","publisher":{"@id":"https:\/\/tallersbeauto.com\/ca\/#organization"},"potentialAction":[{"@type":"SearchAction","target":{"@type":"EntryPoint","urlTemplate":"https:\/\/tallersbeauto.com\/ca\/?s={search_term_string}"},"query-input":{"@type":"PropertyValueSpecification","valueRequired":true,"valueName":"search_term_string"}}],"inLanguage":"ca"},{"@type":"Organization","@id":"https:\/\/tallersbeauto.com\/ca\/#organization","name":"Talleres Beauto","url":"https:\/\/tallersbeauto.com\/ca\/","logo":{"@type":"ImageObject","inLanguage":"ca","@id":"https:\/\/tallersbeauto.com\/ca\/#\/schema\/logo\/image\/","url":"https:\/\/tallersbeauto.com\/wp-content\/uploads\/2026\/02\/logo-tb-80.png","contentUrl":"https:\/\/tallersbeauto.com\/wp-content\/uploads\/2026\/02\/logo-tb-80.png","width":112,"height":90,"caption":"Talleres Beauto"},"image":{"@id":"https:\/\/tallersbeauto.com\/ca\/#\/schema\/logo\/image\/"}}]}},"_links":{"self":[{"href":"https:\/\/tallersbeauto.com\/ca\/wp-json\/wp\/v2\/pages\/10920","targetHints":{"allow":["GET"]}}],"collection":[{"href":"https:\/\/tallersbeauto.com\/ca\/wp-json\/wp\/v2\/pages"}],"about":[{"href":"https:\/\/tallersbeauto.com\/ca\/wp-json\/wp\/v2\/types\/page"}],"author":[{"embeddable":true,"href":"https:\/\/tallersbeauto.com\/ca\/wp-json\/wp\/v2\/users\/1"}],"replies":[{"embeddable":true,"href":"https:\/\/tallersbeauto.com\/ca\/wp-json\/wp\/v2\/comments?post=10920"}],"version-history":[{"count":4,"href":"https:\/\/tallersbeauto.com\/ca\/wp-json\/wp\/v2\/pages\/10920\/revisions"}],"predecessor-version":[{"id":11084,"href":"https:\/\/tallersbeauto.com\/ca\/wp-json\/wp\/v2\/pages\/10920\/revisions\/11084"}],"wp:attachment":[{"href":"https:\/\/tallersbeauto.com\/ca\/wp-json\/wp\/v2\/media?parent=10920"}],"curies":[{"name":"wp","href":"https:\/\/api.w.org\/{rel}","templated":true}]}}