{"id":10917,"date":"2025-06-25T07:29:31","date_gmt":"2025-06-25T07:29:31","guid":{"rendered":"https:\/\/tallersbeauto.com\/aviso-legal\/"},"modified":"2026-02-26T17:15:10","modified_gmt":"2026-02-26T17:15:10","slug":"aviso-legal","status":"publish","type":"page","link":"https:\/\/tallersbeauto.com\/ca\/aviso-legal\/","title":{"rendered":"Aviso Legal"},"content":{"rendered":"\t\t<div data-elementor-type=\"wp-page\" data-elementor-id=\"10917\" class=\"elementor elementor-10917 elementor-5685\">\n\t\t\t\t<div class=\"elementor-element elementor-element-b5773fa e-flex e-con-boxed e-con e-parent\" data-id=\"b5773fa\" data-element_type=\"container\" data-e-type=\"container\">\n\t\t\t\t\t<div class=\"e-con-inner\">\n\t\t<div class=\"elementor-element elementor-element-0e6b6c4 e-grid e-con-full e-con e-child\" data-id=\"0e6b6c4\" data-element_type=\"container\" data-e-type=\"container\">\n\t\t<div class=\"elementor-element elementor-element-d731116 e-con-full e-flex elementor-invisible e-con e-child\" data-id=\"d731116\" data-element_type=\"container\" data-e-type=\"container\" data-settings=\"{&quot;animation&quot;:&quot;fadeInRight&quot;}\">\n\t\t\t\t<div class=\"elementor-element elementor-element-17faa98 elementor-widget elementor-widget-text-editor\" data-id=\"17faa98\" data-element_type=\"widget\" data-e-type=\"widget\" data-widget_type=\"text-editor.default\">\n\t\t\t\t<div class=\"elementor-widget-container\">\n\t\t\t\t\t\t\t\t\t<h4>1. OBJETO<\/h4><p>El presente aviso legal regula el uso y utilizaci\u00f3n del sitio web www.tallersbeauto.com del cual es titular TALLERSBEUATO S.L.U. (de ahora en adelante, EL PROPIETARIO DE LA WEB).<\/p><p>La navegaci\u00f3n por el sitio web del PROPIETARIO DE LA WEB le atribuye la condici\u00f3n de USUARIO del mismo y compuerta su aceptaci\u00f3n llena y sin reservas de todas y cada una de las condiciones publicadas en este aviso legal, advirtiendo que estas condiciones podr\u00e1n ser modificadas sin notificaci\u00f3n previa por parte del PROPIETARIO DE LA WEB, y en este caso se proceder\u00e1 a su publicaci\u00f3n y aviso con la m\u00e1xima antelaci\u00f3n posible.<\/p><p>Por eso es recomendable leer atentamente su contenido en caso de desear acceder y hacer uso de la informaci\u00f3n y de los servicios ofrecidos desde este sitio web.<\/p><p>El usuario, adem\u00e1s, se obliga a hacer un uso correcto del sitio web de conformidad con las leyes, la buena fe, el orden p\u00fablico, los usos del tr\u00e1fico y el presente Aviso Legal, y responder\u00e1 frente al PROPIETARIO DE LA WEB o frente a terceros, de cualesquier da\u00f1os y perjuicios que pudieran causarse a consecuencia del incumplimiento de esta obligaci\u00f3n.<\/p><p>Cualquier utilizaci\u00f3n distinta a la autorizada est\u00e1 expresamente prohibida, pudiendo EL PROPIETARIO DE LA WEB denegar o retirar el acceso y su uso en cualquier momento.<\/p><h4>2. IDENTIFICACI\u00d3N<\/h4><p>EL PROPIETARIO DE LA WEB, en cumplimiento de la Ley 34\/2002, de 11 de julio, de Servicios de la Sociedad de la Informaci\u00f3n y de E-commerce, lo informa que:<\/p><p>Su denominaci\u00f3n social es: Tallers Beauto S.L.<br \/>Su CIF es: B25368556<br \/>Su domicilio social est\u00e1 en: P.L.&#8221;El Segre&#8221; Josep Segura Farre Parc.724 A3. 25191 Lleida (Lleida)<\/p><p>admin@tallersbeauto.com<br \/>+34 973 21 25 28<\/p><h4>3. COMUNICACIONES<\/h4><p>Para comunicarse con nosotros, ponemos a su disposici\u00f3n diferentes medios de contacto que detallamos a continuaci\u00f3n:<\/p><p>Tel\u00e9fono: 973 21 25 28<br \/>Email: admin@tallersauto.com<br \/>Todas las notificaciones y comunicaciones entre los usuarios y PROPIETARIO DE LA WEB se considerar\u00e1n eficaces, con car\u00e1cter general, cuando se realicen a trav\u00e9s de cualquier medio de los detallados anteriormente.<\/p><h4>4. CONDICIONES De ACCESO Y UTILIZACI\u00d3N<\/h4><p>El sitio web y sus servicios son de acceso libre y gratuito. Sin embargo, PROPIETARIO DE LA WEB puede condicionar la utilizaci\u00f3n de algunos de los servicios ofrecidos en su web a la previa cumplimentaci\u00f3n del correspondiente formulario.<\/p><p>El usuario garantiza la autenticidad y actualidad de todos aquellos datos que comunique a PROPIETARIO DE LA WEB y ser\u00e1 el \u00fanico responsable de las manifestaciones falsas o inexactas que realice.<\/p><p>El usuario se compromete expresamente a hacer un uso adecuado de los contenidos y servicios de PROPIETARIO DE LA WEB y a no emplearlos para, entre otras:<\/p><p>Difundir contenidos delictivos, violentos, pornogr\u00e1ficos, racistas, xen\u00f3fobos, ofensivos, de apolog\u00eda del terrorismo o, en general, contrarios a la ley o al orden p\u00fablico.<br \/>Introducir en la red virus inform\u00e1ticos o realizar actuaciones susceptibles de alterar, estropear, interrumpir o generar errores o da\u00f1os en los documentos electr\u00f3nicos, datos o sistemas f\u00edsicos y l\u00f3gicos de PROPIETARIO DE LA WEB o de terceras personas; as\u00ed como obstaculizar el acceso otros usuarios al sitio web y a sus servicios mediante el consumo masivo de los recursos inform\u00e1ticos a trav\u00e9s de los cuales PROPIETARIO DE LA WEB presta sus servicios.<br \/>Intentar acceder a las cuentas de correo electr\u00f3nico otros usuarios o a \u00e1reas restringidas de los sistemas inform\u00e1ticos de PROPIETARIO DE LA WEB o de terceros y, en su caso, extraer informaci\u00f3n.<br \/>Vulnerar los derechos de propiedad intelectual o industrial, as\u00ed como violar la confidencialidad de la informaci\u00f3n de PROPIETARIO DE LA WEB o de terceros.<br \/>Suplantar la identidad de cualquier otro usuario.<br \/>Reproducir, copiar, distribuir, poner a disposici\u00f3n de, o cualquier otra forma de comunicaci\u00f3n p\u00fablica, transformar o modificar los contenidos, salvo que se cuente con la autorizaci\u00f3n del titular de los correspondientes derechos o esto resulte legalmente permitido.<br \/>Recaudar datos con finalidad publicitaria y de remitir publicidad de cualquier clase y comunicaciones con fines de venta u otras de naturaleza comercial sin que medie su previa solicitud o consentimiento.<br \/>Todos los contenidos del sitio web, como textos, fotograf\u00edas, gr\u00e1ficos, im\u00e1genes, iconos, tecnolog\u00eda, software, as\u00ed como su dise\u00f1o gr\u00e1fico y c\u00f3digos fuente, constituyen una obra la propiedad de la cual pertenece a PROPIETARIO DE LA WEB, sin que puedan entenderse cedidos al usuario ninguno de los derechos de explotaci\u00f3n sobre los mismos m\u00e1s all\u00e1 del estrictamente necesario para el correcto uso de la web.<\/p><p>En definitiva, los usuarios que accedan a este sitio web pueden visualizar los contenidos y efectuar, en su caso, copias privadas autorizadas siempre que los elementos reproducidos no sean cedidos posteriormente a terceros, ni se instalen a servidores conectados en redes, ni sean objeto de ning\u00fan tipo de explotaci\u00f3n.<\/p><p>As\u00ed mismo, todas las marcas, nombres comerciales o signos distintivos de cualquier clase que aparecen en el sitio web son propiedad de PROPIETARIO DE LA WEB, sin que pueda entenderse que el uso o acceso al mismo atribuya al usuario derecho alg\u00fan sobre estos.<\/p><p>La distribuci\u00f3n, modificaci\u00f3n, cesi\u00f3n o comunicaci\u00f3n p\u00fablica de los contenidos y cualquier otro acto que no haya sido expresamente autorizado por el titular de los derechos de explotaci\u00f3n quedan prohibidos.<\/p><p>El establecimiento de un enlace no implica en ning\u00fan caso la existencia de relaciones entre PROPIETARIO DE LA WEB y el propietario del sitio web en la cual se establezca, ni la aceptaci\u00f3n y aprobaci\u00f3n por parte de PROPIETARIO DE LA WEB de sus contenidos o servicios.<\/p><p>PROPIETARIO DE LA WEB no se responsabiliza del uso que cada usuario los d\u00e9 a los materiales puestos a disposici\u00f3n en este sitio web ni de las actuaciones que realice en base a estos.<\/p><h5>4.1 EXCLUSI\u00d3N DE GARANT\u00cdAS Y DE RESPONSABILIDAD EN El ACCESO Y LA UTILIZACI\u00d3N<\/h5><p>El contenido del presente sitio web es de car\u00e1cter general y tiene una finalidad meramente informativa, sin que se garantice plenamente el acceso a todos los contenidos, ni su exhaustividad, correcci\u00f3n, vigencia o actualidad, ni su idoneidad o utilidad para un objetivo espec\u00edfico.<\/p><p>PROPIETARIO DE LA WEB excluye, hasta donde permite el ordenamiento jur\u00eddico, cualquier responsabilidad por los da\u00f1os y perjuicios de toda naturaleza derivados de:<\/p><p>La imposibilidad de acceso al sitio web o la falta de veracidad, exactitud, exhaustividad y\/o actualidad de los contenidos, as\u00ed como la existencia de vicios y defectos de toda clase de los contenidos transmitidos, difundidos, almacenados, puestos a disposici\u00f3n, a los cuales se haya accedido a trav\u00e9s del sitio web o de los servicios que se ofrecen.<br \/>La presencia de virus u otros elementos en los contenidos que puedan producir alteraciones en los sistemas inform\u00e1ticos, documentos electr\u00f3nicos o datos de los usuarios.<br \/>El incumplimiento de las leyes, la buena fe, el orden p\u00fablico, los usos del tr\u00e1fico y el presente aviso legal a consecuencia del uso incorrecto del sitio web. En particular, y a modo ejemplificativo, PROPIETARIO DE LA WEB no se hace responsable de las actuaciones de terceros que vulneren derechos de propiedad intelectual e industrial, secretos empresariales, derechos al honor, a la intimidad personal y familiar y a la propia imagen, as\u00ed como la normativa en materia de competencia desleal y publicidad il\u00edcita.<br \/>As\u00ed mismo, PROPIETARIO DE LA WEB declina cualquier responsabilidad respecto a la informaci\u00f3n que se encuentre fuera de esta web y no sea gestionada directamente por nuestro webmaster. La funci\u00f3n de los links que aparecen en esta web es exclusivamente la de informar el usuario sobre la existencia otras fuentes susceptibles de ampliar los contenidos que ofrece este sitio web. PROPIETARIO DE LA WEB no garantiza ni se responsabiliza del funcionamiento o accesibilidad de los lugares enlazados; ni sugiere, invita o recomienda la visita a estos, por lo cual tampoco ser\u00e1 responsable del resultado obtenido. PROPIETARIO DE LA WEB no se responsabiliza del establecimiento de enlaces por parte de terceros.<\/p><h5>4.2 PROCEDIMIENTO EN CASO DE REALIZACI\u00d3N DE ACTIVIDADES DE CAR\u00c1CTER IL\u00cdCITO<\/h5><p>En el supuesto de que cualquier usuario o un tercero considere que existen hechos o circunstancias que revelen el car\u00e1cter il\u00edcito de la utilizaci\u00f3n de cualquier contenido y\/o de la realizaci\u00f3n de cualquier actividad en las p\u00e1ginas web incluidas o accesibles a trav\u00e9s del sitio web, tendr\u00e1 que enviar una notificaci\u00f3n a PROPIETARIO DE LA WEB identific\u00e1ndose debidamente y especificando las supuestas infracciones.<\/p><h5>4.3 PUBLICACIONES<\/h5><p>La informaci\u00f3n administrativa facilitada a trav\u00e9s del sitio web no sustituye la publicidad legal de las leyes, normativas, planes, disposiciones generales y actas que tengan que ser publicados formalmente en los diarios oficiales de las administraciones p\u00fablicas, que constituyen el \u00fanico instrumento que da fe de su autenticidad y contenido. La informaci\u00f3n disponible en este sitio web tiene que entenderse como una gu\u00eda sin prop\u00f3sito de validez legal.<\/p><h4>\u00a0<\/h4><h4>5. LEGISLACI\u00d3N APLICABLE<\/h4><p>Las condiciones presentes se regir\u00e1n por la legislaci\u00f3n espa\u00f1ola vigente.<\/p><p>La lengua utilizada ser\u00e1 el Castellano.<\/p>\t\t\t\t\t\t\t\t<\/div>\n\t\t\t\t<\/div>\n\t\t\t\t<\/div>\n\t\t\t\t<\/div>\n\t\t\t\t\t<\/div>\n\t\t\t\t<\/div>\n\t\t\t\t<\/div>\n\t\t","protected":false},"excerpt":{"rendered":"<p>1. OBJETO El presente aviso legal regula el uso y utilizaci\u00f3n del sitio web www.tallersbeauto.com del cual es titular TALLERSBEUATO S.L.U. (de ahora en adelante, EL PROPIETARIO DE LA WEB). La navegaci\u00f3n por el sitio web del PROPIETARIO DE LA WEB le atribuye la condici\u00f3n de USUARIO del mismo y compuerta su aceptaci\u00f3n llena y<\/p>\n","protected":false},"author":1,"featured_media":0,"parent":0,"menu_order":0,"comment_status":"closed","ping_status":"closed","template":"elementor_header_footer","meta":{"inline_featured_image":false,"footnotes":""},"class_list":["post-10917","page","type-page","status-publish","hentry"],"yoast_head":"<!-- This site is optimized with the Yoast SEO plugin v27.1.1 - https:\/\/yoast.com\/product\/yoast-seo-wordpress\/ -->\n<title>Aviso Legal - Talleres Beauto<\/title>\n<meta name=\"robots\" content=\"index, follow, max-snippet:-1, max-image-preview:large, max-video-preview:-1\" \/>\n<link rel=\"canonical\" href=\"https:\/\/tallersbeauto.com\/ca\/aviso-legal\/\" \/>\n<meta property=\"og:locale\" content=\"ca_ES\" \/>\n<meta property=\"og:type\" content=\"article\" \/>\n<meta property=\"og:title\" content=\"Aviso Legal - Talleres Beauto\" \/>\n<meta property=\"og:description\" content=\"1. OBJETO El presente aviso legal regula el uso y utilizaci\u00f3n del sitio web www.tallersbeauto.com del cual es titular TALLERSBEUATO S.L.U. (de ahora en adelante, EL PROPIETARIO DE LA WEB). La navegaci\u00f3n por el sitio web del PROPIETARIO DE LA WEB le atribuye la condici\u00f3n de USUARIO del mismo y compuerta su aceptaci\u00f3n llena y\" \/>\n<meta property=\"og:url\" content=\"https:\/\/tallersbeauto.com\/ca\/aviso-legal\/\" \/>\n<meta property=\"og:site_name\" content=\"Talleres Beauto\" \/>\n<meta property=\"article:modified_time\" content=\"2026-02-26T17:15:10+00:00\" \/>\n<meta name=\"twitter:card\" content=\"summary_large_image\" \/>\n<meta name=\"twitter:label1\" content=\"Temps estimat de lectura\" \/>\n\t<meta name=\"twitter:data1\" content=\"8 minuts\" \/>\n<script type=\"application\/ld+json\" class=\"yoast-schema-graph\">{\"@context\":\"https:\/\/schema.org\",\"@graph\":[{\"@type\":\"WebPage\",\"@id\":\"https:\/\/tallersbeauto.com\/ca\/aviso-legal\/\",\"url\":\"https:\/\/tallersbeauto.com\/ca\/aviso-legal\/\",\"name\":\"Aviso Legal - Talleres Beauto\",\"isPartOf\":{\"@id\":\"https:\/\/tallersbeauto.com\/ca\/#website\"},\"datePublished\":\"2025-06-25T07:29:31+00:00\",\"dateModified\":\"2026-02-26T17:15:10+00:00\",\"breadcrumb\":{\"@id\":\"https:\/\/tallersbeauto.com\/ca\/aviso-legal\/#breadcrumb\"},\"inLanguage\":\"ca\",\"potentialAction\":[{\"@type\":\"ReadAction\",\"target\":[\"https:\/\/tallersbeauto.com\/ca\/aviso-legal\/\"]}]},{\"@type\":\"BreadcrumbList\",\"@id\":\"https:\/\/tallersbeauto.com\/ca\/aviso-legal\/#breadcrumb\",\"itemListElement\":[{\"@type\":\"ListItem\",\"position\":1,\"name\":\"Portada\",\"item\":\"https:\/\/tallersbeauto.com\/ca\/\"},{\"@type\":\"ListItem\",\"position\":2,\"name\":\"Aviso Legal\"}]},{\"@type\":\"WebSite\",\"@id\":\"https:\/\/tallersbeauto.com\/ca\/#website\",\"url\":\"https:\/\/tallersbeauto.com\/ca\/\",\"name\":\"Talleres Beauto\",\"description\":\"Tu taller de confianza\",\"publisher\":{\"@id\":\"https:\/\/tallersbeauto.com\/ca\/#organization\"},\"potentialAction\":[{\"@type\":\"SearchAction\",\"target\":{\"@type\":\"EntryPoint\",\"urlTemplate\":\"https:\/\/tallersbeauto.com\/ca\/?s={search_term_string}\"},\"query-input\":{\"@type\":\"PropertyValueSpecification\",\"valueRequired\":true,\"valueName\":\"search_term_string\"}}],\"inLanguage\":\"ca\"},{\"@type\":\"Organization\",\"@id\":\"https:\/\/tallersbeauto.com\/ca\/#organization\",\"name\":\"Talleres Beauto\",\"url\":\"https:\/\/tallersbeauto.com\/ca\/\",\"logo\":{\"@type\":\"ImageObject\",\"inLanguage\":\"ca\",\"@id\":\"https:\/\/tallersbeauto.com\/ca\/#\/schema\/logo\/image\/\",\"url\":\"https:\/\/tallersbeauto.com\/wp-content\/uploads\/2026\/02\/logo-tb-80.png\",\"contentUrl\":\"https:\/\/tallersbeauto.com\/wp-content\/uploads\/2026\/02\/logo-tb-80.png\",\"width\":112,\"height\":90,\"caption\":\"Talleres Beauto\"},\"image\":{\"@id\":\"https:\/\/tallersbeauto.com\/ca\/#\/schema\/logo\/image\/\"}}]}<\/script>\n<!-- \/ Yoast SEO plugin. -->","yoast_head_json":{"title":"Aviso Legal - Talleres Beauto","robots":{"index":"index","follow":"follow","max-snippet":"max-snippet:-1","max-image-preview":"max-image-preview:large","max-video-preview":"max-video-preview:-1"},"canonical":"https:\/\/tallersbeauto.com\/ca\/aviso-legal\/","og_locale":"ca_ES","og_type":"article","og_title":"Aviso Legal - Talleres Beauto","og_description":"1. OBJETO El presente aviso legal regula el uso y utilizaci\u00f3n del sitio web www.tallersbeauto.com del cual es titular TALLERSBEUATO S.L.U. (de ahora en adelante, EL PROPIETARIO DE LA WEB). La navegaci\u00f3n por el sitio web del PROPIETARIO DE LA WEB le atribuye la condici\u00f3n de USUARIO del mismo y compuerta su aceptaci\u00f3n llena y","og_url":"https:\/\/tallersbeauto.com\/ca\/aviso-legal\/","og_site_name":"Talleres Beauto","article_modified_time":"2026-02-26T17:15:10+00:00","twitter_card":"summary_large_image","twitter_misc":{"Temps estimat de lectura":"8 minuts"},"schema":{"@context":"https:\/\/schema.org","@graph":[{"@type":"WebPage","@id":"https:\/\/tallersbeauto.com\/ca\/aviso-legal\/","url":"https:\/\/tallersbeauto.com\/ca\/aviso-legal\/","name":"Aviso Legal - Talleres Beauto","isPartOf":{"@id":"https:\/\/tallersbeauto.com\/ca\/#website"},"datePublished":"2025-06-25T07:29:31+00:00","dateModified":"2026-02-26T17:15:10+00:00","breadcrumb":{"@id":"https:\/\/tallersbeauto.com\/ca\/aviso-legal\/#breadcrumb"},"inLanguage":"ca","potentialAction":[{"@type":"ReadAction","target":["https:\/\/tallersbeauto.com\/ca\/aviso-legal\/"]}]},{"@type":"BreadcrumbList","@id":"https:\/\/tallersbeauto.com\/ca\/aviso-legal\/#breadcrumb","itemListElement":[{"@type":"ListItem","position":1,"name":"Portada","item":"https:\/\/tallersbeauto.com\/ca\/"},{"@type":"ListItem","position":2,"name":"Aviso Legal"}]},{"@type":"WebSite","@id":"https:\/\/tallersbeauto.com\/ca\/#website","url":"https:\/\/tallersbeauto.com\/ca\/","name":"Talleres Beauto","description":"Tu taller de confianza","publisher":{"@id":"https:\/\/tallersbeauto.com\/ca\/#organization"},"potentialAction":[{"@type":"SearchAction","target":{"@type":"EntryPoint","urlTemplate":"https:\/\/tallersbeauto.com\/ca\/?s={search_term_string}"},"query-input":{"@type":"PropertyValueSpecification","valueRequired":true,"valueName":"search_term_string"}}],"inLanguage":"ca"},{"@type":"Organization","@id":"https:\/\/tallersbeauto.com\/ca\/#organization","name":"Talleres Beauto","url":"https:\/\/tallersbeauto.com\/ca\/","logo":{"@type":"ImageObject","inLanguage":"ca","@id":"https:\/\/tallersbeauto.com\/ca\/#\/schema\/logo\/image\/","url":"https:\/\/tallersbeauto.com\/wp-content\/uploads\/2026\/02\/logo-tb-80.png","contentUrl":"https:\/\/tallersbeauto.com\/wp-content\/uploads\/2026\/02\/logo-tb-80.png","width":112,"height":90,"caption":"Talleres Beauto"},"image":{"@id":"https:\/\/tallersbeauto.com\/ca\/#\/schema\/logo\/image\/"}}]}},"_links":{"self":[{"href":"https:\/\/tallersbeauto.com\/ca\/wp-json\/wp\/v2\/pages\/10917","targetHints":{"allow":["GET"]}}],"collection":[{"href":"https:\/\/tallersbeauto.com\/ca\/wp-json\/wp\/v2\/pages"}],"about":[{"href":"https:\/\/tallersbeauto.com\/ca\/wp-json\/wp\/v2\/types\/page"}],"author":[{"embeddable":true,"href":"https:\/\/tallersbeauto.com\/ca\/wp-json\/wp\/v2\/users\/1"}],"replies":[{"embeddable":true,"href":"https:\/\/tallersbeauto.com\/ca\/wp-json\/wp\/v2\/comments?post=10917"}],"version-history":[{"count":4,"href":"https:\/\/tallersbeauto.com\/ca\/wp-json\/wp\/v2\/pages\/10917\/revisions"}],"predecessor-version":[{"id":11074,"href":"https:\/\/tallersbeauto.com\/ca\/wp-json\/wp\/v2\/pages\/10917\/revisions\/11074"}],"wp:attachment":[{"href":"https:\/\/tallersbeauto.com\/ca\/wp-json\/wp\/v2\/media?parent=10917"}],"curies":[{"name":"wp","href":"https:\/\/api.w.org\/{rel}","templated":true}]}}