{"id":10914,"date":"2025-06-25T09:10:04","date_gmt":"2025-06-25T09:10:04","guid":{"rendered":"https:\/\/tallersbeauto.com\/contacte\/"},"modified":"2026-03-04T11:05:25","modified_gmt":"2026-03-04T11:05:25","slug":"contacte","status":"publish","type":"page","link":"https:\/\/tallersbeauto.com\/ca\/contacte\/","title":{"rendered":"Contacte"},"content":{"rendered":"\t\t<div data-elementor-type=\"wp-page\" data-elementor-id=\"10914\" class=\"elementor elementor-10914 elementor-5738\">\n\t\t\t\t<div class=\"elementor-element elementor-element-422fe3c e-flex e-con-boxed e-con e-child\" data-id=\"422fe3c\" data-element_type=\"container\" data-e-type=\"container\">\n\t\t\t\t\t<div class=\"e-con-inner\">\n\t\t<div class=\"elementor-element elementor-element-7a5ca37 e-grid e-con-full e-con e-child\" data-id=\"7a5ca37\" data-element_type=\"container\" data-e-type=\"container\">\n\t\t\t\t<div class=\"elementor-element elementor-element-fc70572 mainIcon elementor-view-default elementor-position-block-start elementor-mobile-position-block-start elementor-invisible elementor-widget elementor-widget-icon-box\" data-id=\"fc70572\" data-element_type=\"widget\" data-e-type=\"widget\" data-settings=\"{&quot;_animation&quot;:&quot;zoomIn&quot;}\" data-widget_type=\"icon-box.default\">\n\t\t\t\t<div class=\"elementor-widget-container\">\n\t\t\t\t\t\t\t<div class=\"elementor-icon-box-wrapper\">\n\n\t\t\t\t\t\t<div class=\"elementor-icon-box-icon\">\n\t\t\t\t<span  class=\"elementor-icon\">\n\t\t\t\t<svg aria-hidden=\"true\" class=\"e-font-icon-svg e-fas-location-arrow\" viewBox=\"0 0 512 512\" xmlns=\"http:\/\/www.w3.org\/2000\/svg\"><path d=\"M444.52 3.52L28.74 195.42c-47.97 22.39-31.98 92.75 19.19 92.75h175.91v175.91c0 51.17 70.36 67.17 92.75 19.19l191.9-415.78c15.99-38.39-25.59-79.97-63.97-63.97z\"><\/path><\/svg>\t\t\t\t<\/span>\n\t\t\t<\/div>\n\t\t\t\n\t\t\t\t\t\t<div class=\"elementor-icon-box-content\">\n\n\t\t\t\t\t\t\t\t\t<h3 class=\"elementor-icon-box-title\">\n\t\t\t\t\t\t<span  >\n\t\t\t\t\t\t\tOn som\t\t\t\t\t\t<\/span>\n\t\t\t\t\t<\/h3>\n\t\t\t\t\n\t\t\t\t\t\t\t\t\t<p class=\"elementor-icon-box-description\">\n\t\t\t\t\t\tCARRER EMPRESARI JOSEP SEGURA I FARRE, 724, 25191 Lleida\t\t\t\t\t<\/p>\n\t\t\t\t\n\t\t\t<\/div>\n\t\t\t\n\t\t<\/div>\n\t\t\t\t\t\t<\/div>\n\t\t\t\t<\/div>\n\t\t\t\t<div class=\"elementor-element elementor-element-a66698f mainIcon elementor-view-default elementor-position-block-start elementor-mobile-position-block-start elementor-invisible elementor-widget elementor-widget-icon-box\" data-id=\"a66698f\" data-element_type=\"widget\" data-e-type=\"widget\" data-settings=\"{&quot;_animation&quot;:&quot;zoomIn&quot;}\" data-widget_type=\"icon-box.default\">\n\t\t\t\t<div class=\"elementor-widget-container\">\n\t\t\t\t\t\t\t<div class=\"elementor-icon-box-wrapper\">\n\n\t\t\t\t\t\t<div class=\"elementor-icon-box-icon\">\n\t\t\t\t<span  class=\"elementor-icon\">\n\t\t\t\t<svg aria-hidden=\"true\" class=\"e-font-icon-svg e-fas-phone-alt\" viewBox=\"0 0 512 512\" xmlns=\"http:\/\/www.w3.org\/2000\/svg\"><path d=\"M497.39 361.8l-112-48a24 24 0 0 0-28 6.9l-49.6 60.6A370.66 370.66 0 0 1 130.6 204.11l60.6-49.6a23.94 23.94 0 0 0 6.9-28l-48-112A24.16 24.16 0 0 0 122.6.61l-104 24A24 24 0 0 0 0 48c0 256.5 207.9 464 464 464a24 24 0 0 0 23.4-18.6l24-104a24.29 24.29 0 0 0-14.01-27.6z\"><\/path><\/svg>\t\t\t\t<\/span>\n\t\t\t<\/div>\n\t\t\t\n\t\t\t\t\t\t<div class=\"elementor-icon-box-content\">\n\n\t\t\t\t\t\t\t\t\t<h3 class=\"elementor-icon-box-title\">\n\t\t\t\t\t\t<span  >\n\t\t\t\t\t\t\tTruca'ns\t\t\t\t\t\t<\/span>\n\t\t\t\t\t<\/h3>\n\t\t\t\t\n\t\t\t\t\t\t\t\t\t<p class=\"elementor-icon-box-description\">\n\t\t\t\t\t\t+34 973 212 223\t\t\t\t\t<\/p>\n\t\t\t\t\n\t\t\t<\/div>\n\t\t\t\n\t\t<\/div>\n\t\t\t\t\t\t<\/div>\n\t\t\t\t<\/div>\n\t\t\t\t<div class=\"elementor-element elementor-element-2fca7ce mainIcon elementor-view-default elementor-position-block-start elementor-mobile-position-block-start elementor-invisible elementor-widget elementor-widget-icon-box\" data-id=\"2fca7ce\" data-element_type=\"widget\" data-e-type=\"widget\" data-settings=\"{&quot;_animation&quot;:&quot;zoomIn&quot;}\" data-widget_type=\"icon-box.default\">\n\t\t\t\t<div class=\"elementor-widget-container\">\n\t\t\t\t\t\t\t<div class=\"elementor-icon-box-wrapper\">\n\n\t\t\t\t\t\t<div class=\"elementor-icon-box-icon\">\n\t\t\t\t<span  class=\"elementor-icon\">\n\t\t\t\t<svg aria-hidden=\"true\" class=\"e-font-icon-svg e-fas-mail-bulk\" viewBox=\"0 0 576 512\" xmlns=\"http:\/\/www.w3.org\/2000\/svg\"><path d=\"M160 448c-25.6 0-51.2-22.4-64-32-64-44.8-83.2-60.8-96-70.4V480c0 17.67 14.33 32 32 32h256c17.67 0 32-14.33 32-32V345.6c-12.8 9.6-32 25.6-96 70.4-12.8 9.6-38.4 32-64 32zm128-192H32c-17.67 0-32 14.33-32 32v16c25.6 19.2 22.4 19.2 115.2 86.4 9.6 6.4 28.8 25.6 44.8 25.6s35.2-19.2 44.8-22.4c92.8-67.2 89.6-67.2 115.2-86.4V288c0-17.67-14.33-32-32-32zm256-96H224c-17.67 0-32 14.33-32 32v32h96c33.21 0 60.59 25.42 63.71 57.82l.29-.22V416h192c17.67 0 32-14.33 32-32V192c0-17.67-14.33-32-32-32zm-32 128h-64v-64h64v64zm-352-96c0-35.29 28.71-64 64-64h224V32c0-17.67-14.33-32-32-32H96C78.33 0 64 14.33 64 32v192h96v-32z\"><\/path><\/svg>\t\t\t\t<\/span>\n\t\t\t<\/div>\n\t\t\t\n\t\t\t\t\t\t<div class=\"elementor-icon-box-content\">\n\n\t\t\t\t\t\t\t\t\t<h3 class=\"elementor-icon-box-title\">\n\t\t\t\t\t\t<span  >\n\t\t\t\t\t\t\tCorreu\t\t\t\t\t\t<\/span>\n\t\t\t\t\t<\/h3>\n\t\t\t\t\n\t\t\t\t\t\t\t\t\t<p class=\"elementor-icon-box-description\">\n\t\t\t\t\t\tadmin@tallersbeauto.com\n\t\t\t\t\t<\/p>\n\t\t\t\t\n\t\t\t<\/div>\n\t\t\t\n\t\t<\/div>\n\t\t\t\t\t\t<\/div>\n\t\t\t\t<\/div>\n\t\t\t\t<\/div>\n\t\t\t\t\t<\/div>\n\t\t\t\t<\/div>\n\t\t<div class=\"elementor-element elementor-element-22b16b5 e-flex e-con-boxed e-con e-parent\" data-id=\"22b16b5\" data-element_type=\"container\" data-e-type=\"container\">\n\t\t\t\t\t<div class=\"e-con-inner\">\n\t\t<div class=\"elementor-element elementor-element-b72b0cd e-grid e-con-full e-con e-child\" data-id=\"b72b0cd\" data-element_type=\"container\" data-e-type=\"container\">\n\t\t<div class=\"elementor-element elementor-element-d8f37e4 e-con-full e-flex elementor-invisible e-con e-child\" data-id=\"d8f37e4\" data-element_type=\"container\" data-e-type=\"container\" data-settings=\"{&quot;animation&quot;:&quot;fadeInLeft&quot;}\">\n\t\t\t\t<div class=\"elementor-element elementor-element-3a39c4c elementor-widget__width-initial elementor-widget elementor-widget-heading\" data-id=\"3a39c4c\" data-element_type=\"widget\" data-e-type=\"widget\" data-widget_type=\"heading.default\">\n\t\t\t\t<div class=\"elementor-widget-container\">\n\t\t\t\t\t<h2 class=\"elementor-heading-title elementor-size-default\">Contacta amb nosaltres<\/h2>\t\t\t\t<\/div>\n\t\t\t\t<\/div>\n\t\t\t\t<div class=\"elementor-element elementor-element-6e7bed2 elementor-widget elementor-widget-text-editor\" data-id=\"6e7bed2\" data-element_type=\"widget\" data-e-type=\"widget\" data-widget_type=\"text-editor.default\">\n\t\t\t\t<div class=\"elementor-widget-container\">\n\t\t\t\t\t\t\t\t\t<p>Som el teu taller de confian\u00e7a. Introdueix les teves dades i ens posarem en contacte amb tu el m\u00e9s aviat possible.<\/p>\t\t\t\t\t\t\t\t<\/div>\n\t\t\t\t<\/div>\n\t\t\t\t<div class=\"elementor-element elementor-element-fb55dd5 elementor-widget elementor-widget-cargoflow-contact-form-widget\" data-id=\"fb55dd5\" data-element_type=\"widget\" data-e-type=\"widget\" data-widget_type=\"cargoflow-contact-form-widget.default\">\n\t\t\t\t<div class=\"elementor-widget-container\">\n\t\t\t\t\t\r\n\r\n\r\n\t\t<div class=\"contact-box\">\r\n\t\t\t<div class=\"contact-title\">\r\n\t\t\t\t<h3 class=\"wow fadeInUp\" data-wow-delay=\".3s\"><\/h3>\r\n\t\t\t\t<p class=\"wow fadeInUp\" data-wow-delay=\".5s\"><\/p>\r\n\t\t\t<\/div>\r\n\t\t\t<div class=\"contact-form-items\">\r\n\t\t\t\t\n<div class=\"wpcf7 no-js\" id=\"wpcf7-f10950-o1\" lang=\"ca\" dir=\"ltr\" data-wpcf7-id=\"10950\">\n<div class=\"screen-reader-response\"><p role=\"status\" aria-live=\"polite\" aria-atomic=\"true\"><\/p> <ul><\/ul><\/div>\n<form action=\"\/ca\/wp-json\/wp\/v2\/pages\/10914#wpcf7-f10950-o1\" method=\"post\" class=\"wpcf7-form init\" aria-label=\"Formulari de contacte\" novalidate=\"novalidate\" data-status=\"init\">\n<fieldset class=\"hidden-fields-container\"><input type=\"hidden\" name=\"_wpcf7\" value=\"10950\" \/><input type=\"hidden\" name=\"_wpcf7_version\" value=\"6.1.5\" \/><input type=\"hidden\" name=\"_wpcf7_locale\" value=\"ca\" \/><input type=\"hidden\" name=\"_wpcf7_unit_tag\" value=\"wpcf7-f10950-o1\" \/><input type=\"hidden\" name=\"_wpcf7_container_post\" value=\"0\" \/><input type=\"hidden\" name=\"_wpcf7_posted_data_hash\" value=\"\" \/>\n<\/fieldset>\n<div class=\"mainContactForm\">\n<div class=\"contactFormField\">\n<div class=\"formField\"> \n <span class=\"wpcf7-form-control-wrap\" data-name=\"your-name\"><input size=\"40\" maxlength=\"400\" class=\"wpcf7-form-control wpcf7-text wpcf7-validates-as-required\" autocomplete=\"name\" aria-required=\"true\" aria-invalid=\"false\" placeholder=\"Nom i cognoms*\" value=\"\" type=\"text\" name=\"your-name\" \/><\/span> <\/div>\n<div class=\"formField\"> \n <span class=\"wpcf7-form-control-wrap\" data-name=\"your-call\"><input size=\"40\" maxlength=\"400\" class=\"wpcf7-form-control wpcf7-text wpcf7-validates-as-required\" autocomplete=\"call\" aria-required=\"true\" aria-invalid=\"false\" placeholder=\"Tel\u00e8fon*\" value=\"\" type=\"text\" name=\"your-call\" \/><\/span> <\/div>\n<\/div>\n<div class=\"formField2\"> \n <span class=\"wpcf7-form-control-wrap\" data-name=\"your-email\"><input size=\"40\" maxlength=\"400\" class=\"wpcf7-form-control wpcf7-email wpcf7-validates-as-required wpcf7-text wpcf7-validates-as-email\" autocomplete=\"email\" aria-required=\"true\" aria-invalid=\"false\" placeholder=\"Correu electr\u00f2nic*\" value=\"\" type=\"email\" name=\"your-email\" \/><\/span> <\/div>\n\n<div class=\"thirdContactField\">\n <span class=\"wpcf7-form-control-wrap\" data-name=\"your-message\"><textarea cols=\"40\" rows=\"10\" maxlength=\"2000\" class=\"wpcf7-form-control wpcf7-textarea wpcf7-validates-as-required\" aria-required=\"true\" aria-invalid=\"false\" placeholder=\"Missatge*\" name=\"your-message\"><\/textarea><\/span> <\/div>\n\n<span class=\"wpcf7-form-control-wrap\" data-name=\"acceptance-918\"><span class=\"wpcf7-form-control wpcf7-acceptance optional\"><span class=\"wpcf7-list-item\"><label><input type=\"checkbox\" name=\"acceptance-918\" value=\"1\" aria-invalid=\"false\" \/><span class=\"wpcf7-list-item-label\">Accepto la <a href=\"https:\/\/tallersbeauto.com\/politica-de-privacidad\/\">pol\u00edtica de privacitat<\/a><\/span><\/label><\/span><\/span><\/span>\n<div class=\"contactFormBtn\"><input class=\"wpcf7-form-control wpcf7-submit has-spinner\" type=\"submit\" value=\"Enviar missatge\" \/> <\/div>\n<\/div><div class=\"wpcf7-response-output\" aria-hidden=\"true\"><\/div>\n<\/form>\n<\/div>\n\t\t\t<\/div>\r\n\t\t<\/div>\r\n\r\n\t\r\n\r\n             \r\n\t\t\t\t\t\t<\/div>\n\t\t\t\t<\/div>\n\t\t\t\t<\/div>\n\t\t\t\t<div class=\"elementor-element elementor-element-5ce5867 elementor-invisible elementor-widget elementor-widget-google_maps\" data-id=\"5ce5867\" data-element_type=\"widget\" data-e-type=\"widget\" data-settings=\"{&quot;_animation&quot;:&quot;fadeInRight&quot;}\" data-widget_type=\"google_maps.default\">\n\t\t\t\t<div class=\"elementor-widget-container\">\n\t\t\t\t\t\t\t<div class=\"elementor-custom-embed\">\n\t\t\t<iframe loading=\"lazy\"\n\t\t\t\t\tsrc=\"https:\/\/maps.google.com\/maps?q=CARRER%20EMPRESARI%20JOSEP%20SEGURA%20I%20FARRE%2C%20724%2C%2025191%20Lleida&#038;t=m&#038;z=14&#038;output=embed&#038;iwloc=near\"\n\t\t\t\t\ttitle=\"CARRER EMPRESARI JOSEP SEGURA I FARRE, 724, 25191 Lleida\"\n\t\t\t\t\taria-label=\"CARRER EMPRESARI JOSEP SEGURA I FARRE, 724, 25191 Lleida\"\n\t\t\t><\/iframe>\n\t\t<\/div>\n\t\t\t\t\t\t<\/div>\n\t\t\t\t<\/div>\n\t\t\t\t<\/div>\n\t\t\t\t\t<\/div>\n\t\t\t\t<\/div>\n\t\t\t\t<\/div>\n\t\t","protected":false},"excerpt":{"rendered":"<p>On som CARRER EMPRESARI JOSEP SEGURA I FARRE, 724, 25191 Lleida Truca&#8217;ns +34 973 212 223 Correu admin@tallersbeauto.com Contacta amb nosaltres Som el teu taller de confian\u00e7a. Introdueix les teves dades i ens posarem en contacte amb tu el m\u00e9s aviat possible. Accepto la pol\u00edtica de privacitat<\/p>\n","protected":false},"author":1,"featured_media":0,"parent":0,"menu_order":0,"comment_status":"closed","ping_status":"closed","template":"elementor_header_footer","meta":{"inline_featured_image":false,"footnotes":""},"class_list":["post-10914","page","type-page","status-publish","hentry"],"yoast_head":"<!-- This site is optimized with the Yoast SEO plugin v27.1.1 - https:\/\/yoast.com\/product\/yoast-seo-wordpress\/ -->\n<title>Tallers de reparaci\u00f3 vehicles Lleida<\/title>\n<meta name=\"description\" content=\"Contacta amb un taller especialitzat en reparaci\u00f3 i manteniment de vehicles i camions a Lleida. Tallers Beauto\" \/>\n<meta name=\"robots\" content=\"index, follow, max-snippet:-1, max-image-preview:large, max-video-preview:-1\" \/>\n<link rel=\"canonical\" href=\"https:\/\/tallersbeauto.com\/ca\/contacte\/\" \/>\n<meta property=\"og:locale\" content=\"ca_ES\" \/>\n<meta property=\"og:type\" content=\"article\" \/>\n<meta property=\"og:title\" content=\"Tallers de reparaci\u00f3 vehicles Lleida\" \/>\n<meta property=\"og:description\" content=\"Contacta amb un taller especialitzat en reparaci\u00f3 i manteniment de vehicles i camions a Lleida. Tallers Beauto\" \/>\n<meta property=\"og:url\" content=\"https:\/\/tallersbeauto.com\/ca\/contacte\/\" \/>\n<meta property=\"og:site_name\" content=\"Talleres Beauto\" \/>\n<meta property=\"article:modified_time\" content=\"2026-03-04T11:05:25+00:00\" \/>\n<meta name=\"twitter:card\" content=\"summary_large_image\" \/>\n<meta name=\"twitter:label1\" content=\"Temps estimat de lectura\" \/>\n\t<meta name=\"twitter:data1\" content=\"1 minut\" \/>\n<script type=\"application\/ld+json\" class=\"yoast-schema-graph\">{\"@context\":\"https:\/\/schema.org\",\"@graph\":[{\"@type\":\"WebPage\",\"@id\":\"https:\/\/tallersbeauto.com\/ca\/contacte\/\",\"url\":\"https:\/\/tallersbeauto.com\/ca\/contacte\/\",\"name\":\"Tallers de reparaci\u00f3 vehicles Lleida\",\"isPartOf\":{\"@id\":\"https:\/\/tallersbeauto.com\/ca\/#website\"},\"datePublished\":\"2025-06-25T09:10:04+00:00\",\"dateModified\":\"2026-03-04T11:05:25+00:00\",\"description\":\"Contacta amb un taller especialitzat en reparaci\u00f3 i manteniment de vehicles i camions a Lleida. Tallers Beauto\",\"breadcrumb\":{\"@id\":\"https:\/\/tallersbeauto.com\/ca\/contacte\/#breadcrumb\"},\"inLanguage\":\"ca\",\"potentialAction\":[{\"@type\":\"ReadAction\",\"target\":[\"https:\/\/tallersbeauto.com\/ca\/contacte\/\"]}]},{\"@type\":\"BreadcrumbList\",\"@id\":\"https:\/\/tallersbeauto.com\/ca\/contacte\/#breadcrumb\",\"itemListElement\":[{\"@type\":\"ListItem\",\"position\":1,\"name\":\"Portada\",\"item\":\"https:\/\/tallersbeauto.com\/ca\/\"},{\"@type\":\"ListItem\",\"position\":2,\"name\":\"Contacte\"}]},{\"@type\":\"WebSite\",\"@id\":\"https:\/\/tallersbeauto.com\/ca\/#website\",\"url\":\"https:\/\/tallersbeauto.com\/ca\/\",\"name\":\"Talleres Beauto\",\"description\":\"Tu taller de confianza\",\"publisher\":{\"@id\":\"https:\/\/tallersbeauto.com\/ca\/#organization\"},\"potentialAction\":[{\"@type\":\"SearchAction\",\"target\":{\"@type\":\"EntryPoint\",\"urlTemplate\":\"https:\/\/tallersbeauto.com\/ca\/?s={search_term_string}\"},\"query-input\":{\"@type\":\"PropertyValueSpecification\",\"valueRequired\":true,\"valueName\":\"search_term_string\"}}],\"inLanguage\":\"ca\"},{\"@type\":\"Organization\",\"@id\":\"https:\/\/tallersbeauto.com\/ca\/#organization\",\"name\":\"Talleres Beauto\",\"url\":\"https:\/\/tallersbeauto.com\/ca\/\",\"logo\":{\"@type\":\"ImageObject\",\"inLanguage\":\"ca\",\"@id\":\"https:\/\/tallersbeauto.com\/ca\/#\/schema\/logo\/image\/\",\"url\":\"https:\/\/tallersbeauto.com\/wp-content\/uploads\/2026\/02\/logo-tb-80.png\",\"contentUrl\":\"https:\/\/tallersbeauto.com\/wp-content\/uploads\/2026\/02\/logo-tb-80.png\",\"width\":112,\"height\":90,\"caption\":\"Talleres Beauto\"},\"image\":{\"@id\":\"https:\/\/tallersbeauto.com\/ca\/#\/schema\/logo\/image\/\"}}]}<\/script>\n<!-- \/ Yoast SEO plugin. -->","yoast_head_json":{"title":"Tallers de reparaci\u00f3 vehicles Lleida","description":"Contacta amb un taller especialitzat en reparaci\u00f3 i manteniment de vehicles i camions a Lleida. Tallers Beauto","robots":{"index":"index","follow":"follow","max-snippet":"max-snippet:-1","max-image-preview":"max-image-preview:large","max-video-preview":"max-video-preview:-1"},"canonical":"https:\/\/tallersbeauto.com\/ca\/contacte\/","og_locale":"ca_ES","og_type":"article","og_title":"Tallers de reparaci\u00f3 vehicles Lleida","og_description":"Contacta amb un taller especialitzat en reparaci\u00f3 i manteniment de vehicles i camions a Lleida. Tallers Beauto","og_url":"https:\/\/tallersbeauto.com\/ca\/contacte\/","og_site_name":"Talleres Beauto","article_modified_time":"2026-03-04T11:05:25+00:00","twitter_card":"summary_large_image","twitter_misc":{"Temps estimat de lectura":"1 minut"},"schema":{"@context":"https:\/\/schema.org","@graph":[{"@type":"WebPage","@id":"https:\/\/tallersbeauto.com\/ca\/contacte\/","url":"https:\/\/tallersbeauto.com\/ca\/contacte\/","name":"Tallers de reparaci\u00f3 vehicles Lleida","isPartOf":{"@id":"https:\/\/tallersbeauto.com\/ca\/#website"},"datePublished":"2025-06-25T09:10:04+00:00","dateModified":"2026-03-04T11:05:25+00:00","description":"Contacta amb un taller especialitzat en reparaci\u00f3 i manteniment de vehicles i camions a Lleida. Tallers Beauto","breadcrumb":{"@id":"https:\/\/tallersbeauto.com\/ca\/contacte\/#breadcrumb"},"inLanguage":"ca","potentialAction":[{"@type":"ReadAction","target":["https:\/\/tallersbeauto.com\/ca\/contacte\/"]}]},{"@type":"BreadcrumbList","@id":"https:\/\/tallersbeauto.com\/ca\/contacte\/#breadcrumb","itemListElement":[{"@type":"ListItem","position":1,"name":"Portada","item":"https:\/\/tallersbeauto.com\/ca\/"},{"@type":"ListItem","position":2,"name":"Contacte"}]},{"@type":"WebSite","@id":"https:\/\/tallersbeauto.com\/ca\/#website","url":"https:\/\/tallersbeauto.com\/ca\/","name":"Talleres Beauto","description":"Tu taller de confianza","publisher":{"@id":"https:\/\/tallersbeauto.com\/ca\/#organization"},"potentialAction":[{"@type":"SearchAction","target":{"@type":"EntryPoint","urlTemplate":"https:\/\/tallersbeauto.com\/ca\/?s={search_term_string}"},"query-input":{"@type":"PropertyValueSpecification","valueRequired":true,"valueName":"search_term_string"}}],"inLanguage":"ca"},{"@type":"Organization","@id":"https:\/\/tallersbeauto.com\/ca\/#organization","name":"Talleres Beauto","url":"https:\/\/tallersbeauto.com\/ca\/","logo":{"@type":"ImageObject","inLanguage":"ca","@id":"https:\/\/tallersbeauto.com\/ca\/#\/schema\/logo\/image\/","url":"https:\/\/tallersbeauto.com\/wp-content\/uploads\/2026\/02\/logo-tb-80.png","contentUrl":"https:\/\/tallersbeauto.com\/wp-content\/uploads\/2026\/02\/logo-tb-80.png","width":112,"height":90,"caption":"Talleres Beauto"},"image":{"@id":"https:\/\/tallersbeauto.com\/ca\/#\/schema\/logo\/image\/"}}]}},"_links":{"self":[{"href":"https:\/\/tallersbeauto.com\/ca\/wp-json\/wp\/v2\/pages\/10914","targetHints":{"allow":["GET"]}}],"collection":[{"href":"https:\/\/tallersbeauto.com\/ca\/wp-json\/wp\/v2\/pages"}],"about":[{"href":"https:\/\/tallersbeauto.com\/ca\/wp-json\/wp\/v2\/types\/page"}],"author":[{"embeddable":true,"href":"https:\/\/tallersbeauto.com\/ca\/wp-json\/wp\/v2\/users\/1"}],"replies":[{"embeddable":true,"href":"https:\/\/tallersbeauto.com\/ca\/wp-json\/wp\/v2\/comments?post=10914"}],"version-history":[{"count":7,"href":"https:\/\/tallersbeauto.com\/ca\/wp-json\/wp\/v2\/pages\/10914\/revisions"}],"predecessor-version":[{"id":11095,"href":"https:\/\/tallersbeauto.com\/ca\/wp-json\/wp\/v2\/pages\/10914\/revisions\/11095"}],"wp:attachment":[{"href":"https:\/\/tallersbeauto.com\/ca\/wp-json\/wp\/v2\/media?parent=10914"}],"curies":[{"name":"wp","href":"https:\/\/api.w.org\/{rel}","templated":true}]}}