{"id":10908,"date":"2025-10-01T11:37:55","date_gmt":"2025-10-01T11:37:55","guid":{"rendered":"https:\/\/tallersbeauto.com\/serveis\/mantenimient-integral-i-mecanica-rapida-a-lleida\/"},"modified":"2026-02-20T17:40:36","modified_gmt":"2026-02-20T17:40:36","slug":"mantenimient-integral-i-mecanica-rapida-a-lleida","status":"publish","type":"page","link":"https:\/\/tallersbeauto.com\/ca\/serveis\/mantenimient-integral-i-mecanica-rapida-a-lleida\/","title":{"rendered":"Mantenimient integral i mec\u00e0nica r\u00e0pida a Lleida"},"content":{"rendered":"\t\t<div data-elementor-type=\"wp-page\" data-elementor-id=\"10908\" class=\"elementor elementor-10908 elementor-10431\">\n\t\t\t\t<div class=\"elementor-element elementor-element-c4aa00b e-flex e-con-boxed e-con e-parent\" data-id=\"c4aa00b\" data-element_type=\"container\" data-e-type=\"container\">\n\t\t\t\t\t<div class=\"e-con-inner\">\n\t\t\t\t<div class=\"elementor-element elementor-element-feab6c5 elementor-invisible elementor-widget elementor-widget-heading\" data-id=\"feab6c5\" data-element_type=\"widget\" data-e-type=\"widget\" data-settings=\"{&quot;_animation&quot;:&quot;fadeInRight&quot;}\" data-widget_type=\"heading.default\">\n\t\t\t\t<div class=\"elementor-widget-container\">\n\t\t\t\t\t<h2 class=\"elementor-heading-title elementor-size-default\">Manteniments integrals i mec\u00e0nica<\/h2>\t\t\t\t<\/div>\n\t\t\t\t<\/div>\n\t\t\t\t<div class=\"elementor-element elementor-element-1a0f7a0 elementor-widget__width-initial elementor-invisible elementor-widget elementor-widget-text-editor\" data-id=\"1a0f7a0\" data-element_type=\"widget\" data-e-type=\"widget\" data-settings=\"{&quot;_animation&quot;:&quot;fadeInRight&quot;}\" data-widget_type=\"text-editor.default\">\n\t\t\t\t<div class=\"elementor-widget-container\">\n\t\t\t\t\t\t\t\t\t<p>A Tallers Beauto oferim una gamma completa de serveis especialitzats per a camions i vehicles industrials, dissenyats per mantenir la teva flota sempre operativa, segura i al m\u00e0xim rendiment.<\/p>\t\t\t\t\t\t\t\t<\/div>\n\t\t\t\t<\/div>\n\t\t<div class=\"elementor-element elementor-element-95ba53e e-grid e-con-full e-con e-child\" data-id=\"95ba53e\" data-element_type=\"container\" data-e-type=\"container\">\n\t\t\t\t<div class=\"elementor-element elementor-element-39dae47 elementor-invisible elementor-widget elementor-widget-image\" data-id=\"39dae47\" data-element_type=\"widget\" data-e-type=\"widget\" data-settings=\"{&quot;_animation&quot;:&quot;fadeInLeft&quot;}\" data-widget_type=\"image.default\">\n\t\t\t\t<div class=\"elementor-widget-container\">\n\t\t\t\t\t\t\t\t\t\t\t\t\t\t\t<img fetchpriority=\"high\" decoding=\"async\" width=\"600\" height=\"400\" src=\"https:\/\/tallersbeauto.com\/wp-content\/uploads\/2026\/01\/Mantenimiento-coche.webp\" class=\"attachment-large size-large wp-image-10670\" alt=\"\" srcset=\"https:\/\/tallersbeauto.com\/wp-content\/uploads\/2026\/01\/Mantenimiento-coche.webp 600w, https:\/\/tallersbeauto.com\/wp-content\/uploads\/2026\/01\/Mantenimiento-coche-300x200.webp 300w\" sizes=\"(max-width: 600px) 100vw, 600px\" \/>\t\t\t\t\t\t\t\t\t\t\t\t\t\t\t<\/div>\n\t\t\t\t<\/div>\n\t\t<div class=\"elementor-element elementor-element-c986a4a e-con-full e-flex e-con e-child\" data-id=\"c986a4a\" data-element_type=\"container\" data-e-type=\"container\">\n\t\t\t\t<div class=\"elementor-element elementor-element-742ca2e elementor-invisible elementor-widget elementor-widget-heading\" data-id=\"742ca2e\" data-element_type=\"widget\" data-e-type=\"widget\" data-settings=\"{&quot;_animation&quot;:&quot;fadeInRight&quot;}\" data-widget_type=\"heading.default\">\n\t\t\t\t<div class=\"elementor-widget-container\">\n\t\t\t\t\t<h3 class=\"elementor-heading-title elementor-size-default\">Revisi\u00f3 i manteniment preventiu<\/h3>\t\t\t\t<\/div>\n\t\t\t\t<\/div>\n\t\t\t\t<div class=\"elementor-element elementor-element-0ed7234 elementor-widget__width-initial elementor-invisible elementor-widget elementor-widget-text-editor\" data-id=\"0ed7234\" data-element_type=\"widget\" data-e-type=\"widget\" data-settings=\"{&quot;_animation&quot;:&quot;fadeInRight&quot;}\" data-widget_type=\"text-editor.default\">\n\t\t\t\t<div class=\"elementor-widget-container\">\n\t\t\t\t\t\t\t\t\t<p data-start=\"643\" data-end=\"975\">Mantingues el teu vehicle en les millors condicions. A Tallers Beauto realitzem revisions completes, canvis d&#8217;oli i filtres, control de frens i suspensi\u00f3, assegurant que cada vehicle compleixi els est\u00e0ndards de seguretat i fiabilitat a la carretera.<\/p><br><p data-start=\"977\" data-end=\"1117\">\u2705 Planificaci\u00f3 de manteniments programats<\/p>\n<br><p data-start=\"977\" data-end=\"1117\">\u2705 Revisions segons quilometratge i hores de treball<\/p>\n<br><p data-start=\"977\" data-end=\"1117\">\u2705 Control d&#8217;historial d&#8217;intervencions<\/p>\t\t\t\t\t\t\t\t<\/div>\n\t\t\t\t<\/div>\n\t\t\t\t<\/div>\n\t\t\t\t<\/div>\n\t\t<div class=\"elementor-element elementor-element-02603ce e-grid e-con-full e-con e-child\" data-id=\"02603ce\" data-element_type=\"container\" data-e-type=\"container\">\n\t\t<div class=\"elementor-element elementor-element-8aff758 e-con-full e-flex e-con e-child\" data-id=\"8aff758\" data-element_type=\"container\" data-e-type=\"container\">\n\t\t\t\t<div class=\"elementor-element elementor-element-1501e5a elementor-invisible elementor-widget elementor-widget-heading\" data-id=\"1501e5a\" data-element_type=\"widget\" data-e-type=\"widget\" data-settings=\"{&quot;_animation&quot;:&quot;fadeInLeft&quot;}\" data-widget_type=\"heading.default\">\n\t\t\t\t<div class=\"elementor-widget-container\">\n\t\t\t\t\t<h3 class=\"elementor-heading-title elementor-size-default\">Servei r\u00e0pid <\/h3>\t\t\t\t<\/div>\n\t\t\t\t<\/div>\n\t\t\t\t<div class=\"elementor-element elementor-element-28b78b6 elementor-widget__width-initial elementor-invisible elementor-widget elementor-widget-text-editor\" data-id=\"28b78b6\" data-element_type=\"widget\" data-e-type=\"widget\" data-settings=\"{&quot;_animation&quot;:&quot;fadeInLeft&quot;}\" data-widget_type=\"text-editor.default\">\n\t\t\t\t<div class=\"elementor-widget-container\">\n\t\t\t\t\t\t\t\t\tMinimitzem els temps d&#8217;inactivitat dels vehicles industrials. El nostre servei pre-ITV i els processos de mec\u00e0nica r\u00e0pida estan pensats per a empreses de transport i aut\u00f2noms que necessiten efici\u00e8ncia sense interrupcions.\n\n<br><b>\u2705 Servei de camions:<\/b><span style=\"font-weight: 400;\"> manteniment preventiu i reparaci\u00f3 d&#8217;avaries, diagn\u00f2stic, revisi\u00f3 preitv.<\/span><br><br><br><b>\u2705 Serveu de remolcs:<\/b><span style=\"font-weight: 400;\"> manteniments frens, suspensions i eixos, diagn\u00f2stics abs\/ebs\/eques, muntatge de b\u00e0scula de pesatge.<\/span>\t\t\t\t\t\t\t\t<\/div>\n\t\t\t\t<\/div>\n\t\t\t\t<\/div>\n\t\t\t\t<div class=\"elementor-element elementor-element-4ae5493 elementor-invisible elementor-widget elementor-widget-image\" data-id=\"4ae5493\" data-element_type=\"widget\" data-e-type=\"widget\" data-settings=\"{&quot;_animation&quot;:&quot;fadeInRight&quot;}\" data-widget_type=\"image.default\">\n\t\t\t\t<div class=\"elementor-widget-container\">\n\t\t\t\t\t\t\t\t\t\t\t\t\t\t\t<img decoding=\"async\" width=\"740\" height=\"416\" src=\"https:\/\/tallersbeauto.com\/wp-content\/uploads\/2026\/01\/que-es-la-diagnosis-electronica-y-por-que-es-imprescindible-para-su-coche_img205517t1.jpg\" class=\"attachment-large size-large wp-image-10672\" alt=\"\" srcset=\"https:\/\/tallersbeauto.com\/wp-content\/uploads\/2026\/01\/que-es-la-diagnosis-electronica-y-por-que-es-imprescindible-para-su-coche_img205517t1.jpg 1024w, https:\/\/tallersbeauto.com\/wp-content\/uploads\/2026\/01\/que-es-la-diagnosis-electronica-y-por-que-es-imprescindible-para-su-coche_img205517t1-300x169.jpg 300w, https:\/\/tallersbeauto.com\/wp-content\/uploads\/2026\/01\/que-es-la-diagnosis-electronica-y-por-que-es-imprescindible-para-su-coche_img205517t1-768x432.jpg 768w\" sizes=\"(max-width: 740px) 100vw, 740px\" \/>\t\t\t\t\t\t\t\t\t\t\t\t\t\t\t<\/div>\n\t\t\t\t<\/div>\n\t\t\t\t<\/div>\n\t\t<div class=\"elementor-element elementor-element-63d2a9d e-grid e-con-full e-con e-child\" data-id=\"63d2a9d\" data-element_type=\"container\" data-e-type=\"container\">\n\t\t\t\t<div class=\"elementor-element elementor-element-7e10a92 elementor-invisible elementor-widget elementor-widget-image\" data-id=\"7e10a92\" data-element_type=\"widget\" data-e-type=\"widget\" data-settings=\"{&quot;_animation&quot;:&quot;fadeInLeft&quot;}\" data-widget_type=\"image.default\">\n\t\t\t\t<div class=\"elementor-widget-container\">\n\t\t\t\t\t\t\t\t\t\t\t\t\t\t\t<img decoding=\"async\" width=\"730\" height=\"550\" src=\"https:\/\/tallersbeauto.com\/wp-content\/uploads\/2026\/01\/talleres-viper-ourense-img-003.jpg\" class=\"attachment-large size-large wp-image-10682\" alt=\"\" srcset=\"https:\/\/tallersbeauto.com\/wp-content\/uploads\/2026\/01\/talleres-viper-ourense-img-003.jpg 730w, https:\/\/tallersbeauto.com\/wp-content\/uploads\/2026\/01\/talleres-viper-ourense-img-003-300x226.jpg 300w\" sizes=\"(max-width: 730px) 100vw, 730px\" \/>\t\t\t\t\t\t\t\t\t\t\t\t\t\t\t<\/div>\n\t\t\t\t<\/div>\n\t\t<div class=\"elementor-element elementor-element-7aa75ec e-con-full e-flex e-con e-child\" data-id=\"7aa75ec\" data-element_type=\"container\" data-e-type=\"container\">\n\t\t\t\t<div class=\"elementor-element elementor-element-a3bda14 elementor-invisible elementor-widget elementor-widget-heading\" data-id=\"a3bda14\" data-element_type=\"widget\" data-e-type=\"widget\" data-settings=\"{&quot;_animation&quot;:&quot;fadeInRight&quot;}\" data-widget_type=\"heading.default\">\n\t\t\t\t<div class=\"elementor-widget-container\">\n\t\t\t\t\t<h3 class=\"elementor-heading-title elementor-size-default\">Servei de vehicle comercial i turisme<\/h3>\t\t\t\t<\/div>\n\t\t\t\t<\/div>\n\t\t\t\t<div class=\"elementor-element elementor-element-e5a76a7 elementor-widget__width-initial elementor-invisible elementor-widget elementor-widget-text-editor\" data-id=\"e5a76a7\" data-element_type=\"widget\" data-e-type=\"widget\" data-settings=\"{&quot;_animation&quot;:&quot;fadeInRight&quot;}\" data-widget_type=\"text-editor.default\">\n\t\t\t\t<div class=\"elementor-widget-container\">\n\t\t\t\t\t\t\t\t\t<p>\u00a0<\/p><p><span style=\"font-weight: 400;\"><b>\u2705 Servei de mec\u00e0nica: <\/b>frens, amortidors, corretges distribuci\u00f3, diagn\u00f2stic d&#8217;avaries.<\/span><\/p><p>\u00a0<\/p><p><b>\u2705 Servei de manteniment: <\/b>oli, filtres, frens, reparaci\u00f3 de punxades, bateries, pneum\u00e0tics, revisi\u00f3 preitv, revisi\u00f3 d&#8217;aire condicionat.<\/p><p data-start=\"1970\" data-end=\"2126\">\u00a0<\/p>\t\t\t\t\t\t\t\t<\/div>\n\t\t\t\t<\/div>\n\t\t\t\t<\/div>\n\t\t\t\t<\/div>\n\t\t\t\t\t<\/div>\n\t\t\t\t<\/div>\n\t\t<div class=\"elementor-element elementor-element-b3dd014 e-flex e-con-boxed e-con e-parent\" data-id=\"b3dd014\" data-element_type=\"container\" data-e-type=\"container\">\n\t\t\t\t\t<div class=\"e-con-inner\">\n\t\t\t\t<div class=\"elementor-element elementor-element-8099b93 elementor-widget elementor-widget-heading\" data-id=\"8099b93\" data-element_type=\"widget\" data-e-type=\"widget\" data-widget_type=\"heading.default\">\n\t\t\t\t<div class=\"elementor-widget-container\">\n\t\t\t\t\t<h2 class=\"elementor-heading-title elementor-size-default\">Per qu\u00e8 triar-nos?<\/h2>\t\t\t\t<\/div>\n\t\t\t\t<\/div>\n\t\t\t\t<div class=\"elementor-element elementor-element-e519032 elementor-widget elementor-widget-text-editor\" data-id=\"e519032\" data-element_type=\"widget\" data-e-type=\"widget\" data-widget_type=\"text-editor.default\">\n\t\t\t\t<div class=\"elementor-widget-container\">\n\t\t\t\t\t\t\t\t\t<h5 data-start=\"4227\" data-end=\"4293\">\u2714 Professionals t\u00e8cnics amb experi\u00e8ncia en vehicles industrials<\/h5><p> <\/p><h5>\u2714 Equips i eines avan\u00e7ades<\/h5><p> <\/p><h5>\u2714 Plans de manteniment adaptats a les teves necessitats<\/h5><p> <\/p><h5 data-start=\"4389\" data-end=\"4437\">\u2714 Atenci\u00f3 personalitzada per a aut\u00f2noms i empreses<\/h5>\t\t\t\t\t\t\t\t<\/div>\n\t\t\t\t<\/div>\n\t\t\t\t<div class=\"elementor-element elementor-element-c4392ed elementor-align-center elementor-invisible elementor-widget elementor-widget-button\" data-id=\"c4392ed\" data-element_type=\"widget\" data-e-type=\"widget\" data-settings=\"{&quot;_animation&quot;:&quot;fadeInRight&quot;}\" data-widget_type=\"button.default\">\n\t\t\t\t<div class=\"elementor-widget-container\">\n\t\t\t\t\t\t\t\t\t<div class=\"elementor-button-wrapper\">\n\t\t\t\t\t<a class=\"elementor-button elementor-button-link elementor-size-sm\" href=\"https:\/\/tallersbeauto.com\/ca\/contacte\/\">\n\t\t\t\t\t\t<span class=\"elementor-button-content-wrapper\">\n\t\t\t\t\t\t\t\t\t<span class=\"elementor-button-text\">Contacte<\/span>\n\t\t\t\t\t<\/span>\n\t\t\t\t\t<\/a>\n\t\t\t\t<\/div>\n\t\t\t\t\t\t\t\t<\/div>\n\t\t\t\t<\/div>\n\t\t\t\t\t<\/div>\n\t\t\t\t<\/div>\n\t\t\t\t<\/div>\n\t\t","protected":false},"excerpt":{"rendered":"<p>Manteniments integrals i mec\u00e0nica A Tallers Beauto oferim una gamma completa de serveis especialitzats per a camions i vehicles industrials, dissenyats per mantenir la teva flota sempre operativa, segura i al m\u00e0xim rendiment. Revisi\u00f3 i manteniment preventiu Mantingues el teu vehicle en les millors condicions. A Tallers Beauto realitzem revisions completes, canvis d&#8217;oli i filtres,<\/p>\n","protected":false},"author":1,"featured_media":0,"parent":10905,"menu_order":0,"comment_status":"closed","ping_status":"closed","template":"elementor_header_footer","meta":{"inline_featured_image":false,"footnotes":""},"class_list":["post-10908","page","type-page","status-publish","hentry"],"yoast_head":"<!-- This site is optimized with the Yoast SEO plugin v27.1.1 - https:\/\/yoast.com\/product\/yoast-seo-wordpress\/ -->\n<title>Manteniment integral de camions i flotes Lleida<\/title>\n<meta name=\"description\" content=\"Manteniment preventiu i mec\u00e0nica r\u00e0pida per a camions, furgonetes i semiremolcs a Lleida. Servei professional i \u00e0gil per a flotes.\" \/>\n<meta name=\"robots\" content=\"index, follow, max-snippet:-1, max-image-preview:large, max-video-preview:-1\" \/>\n<link rel=\"canonical\" href=\"https:\/\/tallersbeauto.com\/ca\/serveis\/mantenimient-integral-i-mecanica-rapida-a-lleida\/\" \/>\n<meta property=\"og:locale\" content=\"ca_ES\" \/>\n<meta property=\"og:type\" content=\"article\" \/>\n<meta property=\"og:title\" content=\"Manteniment integral de camions i flotes Lleida\" \/>\n<meta property=\"og:description\" content=\"Manteniment preventiu i mec\u00e0nica r\u00e0pida per a camions, furgonetes i semiremolcs a Lleida. Servei professional i \u00e0gil per a flotes.\" \/>\n<meta property=\"og:url\" content=\"https:\/\/tallersbeauto.com\/ca\/serveis\/mantenimient-integral-i-mecanica-rapida-a-lleida\/\" \/>\n<meta property=\"og:site_name\" content=\"Talleres Beauto\" \/>\n<meta property=\"article:modified_time\" content=\"2026-02-20T17:40:36+00:00\" \/>\n<meta property=\"og:image\" content=\"https:\/\/tallersbeauto.com\/wp-content\/uploads\/2026\/01\/Mantenimiento-coche.webp\" \/>\n\t<meta property=\"og:image:width\" content=\"600\" \/>\n\t<meta property=\"og:image:height\" content=\"400\" \/>\n\t<meta property=\"og:image:type\" content=\"image\/webp\" \/>\n<meta name=\"twitter:card\" content=\"summary_large_image\" \/>\n<meta name=\"twitter:label1\" content=\"Temps estimat de lectura\" \/>\n\t<meta name=\"twitter:data1\" content=\"4 minuts\" \/>\n<script type=\"application\/ld+json\" class=\"yoast-schema-graph\">{\"@context\":\"https:\/\/schema.org\",\"@graph\":[{\"@type\":\"WebPage\",\"@id\":\"https:\/\/tallersbeauto.com\/ca\/serveis\/mantenimient-integral-i-mecanica-rapida-a-lleida\/\",\"url\":\"https:\/\/tallersbeauto.com\/ca\/serveis\/mantenimient-integral-i-mecanica-rapida-a-lleida\/\",\"name\":\"Manteniment integral de camions i flotes Lleida\",\"isPartOf\":{\"@id\":\"https:\/\/tallersbeauto.com\/ca\/#website\"},\"primaryImageOfPage\":{\"@id\":\"https:\/\/tallersbeauto.com\/ca\/serveis\/mantenimient-integral-i-mecanica-rapida-a-lleida\/#primaryimage\"},\"image\":{\"@id\":\"https:\/\/tallersbeauto.com\/ca\/serveis\/mantenimient-integral-i-mecanica-rapida-a-lleida\/#primaryimage\"},\"thumbnailUrl\":\"https:\/\/tallersbeauto.com\/wp-content\/uploads\/2026\/01\/Mantenimiento-coche.webp\",\"datePublished\":\"2025-10-01T11:37:55+00:00\",\"dateModified\":\"2026-02-20T17:40:36+00:00\",\"description\":\"Manteniment preventiu i mec\u00e0nica r\u00e0pida per a camions, furgonetes i semiremolcs a Lleida. Servei professional i \u00e0gil per a flotes.\",\"breadcrumb\":{\"@id\":\"https:\/\/tallersbeauto.com\/ca\/serveis\/mantenimient-integral-i-mecanica-rapida-a-lleida\/#breadcrumb\"},\"inLanguage\":\"ca\",\"potentialAction\":[{\"@type\":\"ReadAction\",\"target\":[\"https:\/\/tallersbeauto.com\/ca\/serveis\/mantenimient-integral-i-mecanica-rapida-a-lleida\/\"]}]},{\"@type\":\"ImageObject\",\"inLanguage\":\"ca\",\"@id\":\"https:\/\/tallersbeauto.com\/ca\/serveis\/mantenimient-integral-i-mecanica-rapida-a-lleida\/#primaryimage\",\"url\":\"https:\/\/tallersbeauto.com\/wp-content\/uploads\/2026\/01\/Mantenimiento-coche.webp\",\"contentUrl\":\"https:\/\/tallersbeauto.com\/wp-content\/uploads\/2026\/01\/Mantenimiento-coche.webp\"},{\"@type\":\"BreadcrumbList\",\"@id\":\"https:\/\/tallersbeauto.com\/ca\/serveis\/mantenimient-integral-i-mecanica-rapida-a-lleida\/#breadcrumb\",\"itemListElement\":[{\"@type\":\"ListItem\",\"position\":1,\"name\":\"Portada\",\"item\":\"https:\/\/tallersbeauto.com\/ca\/\"},{\"@type\":\"ListItem\",\"position\":2,\"name\":\"Serveis\",\"item\":\"https:\/\/tallersbeauto.com\/ca\/servicios\/\"},{\"@type\":\"ListItem\",\"position\":3,\"name\":\"Mantenimient integral i mec\u00e0nica r\u00e0pida a Lleida\"}]},{\"@type\":\"WebSite\",\"@id\":\"https:\/\/tallersbeauto.com\/ca\/#website\",\"url\":\"https:\/\/tallersbeauto.com\/ca\/\",\"name\":\"Talleres Beauto\",\"description\":\"Tu taller de confianza\",\"publisher\":{\"@id\":\"https:\/\/tallersbeauto.com\/ca\/#organization\"},\"potentialAction\":[{\"@type\":\"SearchAction\",\"target\":{\"@type\":\"EntryPoint\",\"urlTemplate\":\"https:\/\/tallersbeauto.com\/ca\/?s={search_term_string}\"},\"query-input\":{\"@type\":\"PropertyValueSpecification\",\"valueRequired\":true,\"valueName\":\"search_term_string\"}}],\"inLanguage\":\"ca\"},{\"@type\":\"Organization\",\"@id\":\"https:\/\/tallersbeauto.com\/ca\/#organization\",\"name\":\"Talleres Beauto\",\"url\":\"https:\/\/tallersbeauto.com\/ca\/\",\"logo\":{\"@type\":\"ImageObject\",\"inLanguage\":\"ca\",\"@id\":\"https:\/\/tallersbeauto.com\/ca\/#\/schema\/logo\/image\/\",\"url\":\"https:\/\/tallersbeauto.com\/wp-content\/uploads\/2026\/02\/logo-tb-80.png\",\"contentUrl\":\"https:\/\/tallersbeauto.com\/wp-content\/uploads\/2026\/02\/logo-tb-80.png\",\"width\":112,\"height\":90,\"caption\":\"Talleres Beauto\"},\"image\":{\"@id\":\"https:\/\/tallersbeauto.com\/ca\/#\/schema\/logo\/image\/\"}}]}<\/script>\n<!-- \/ Yoast SEO plugin. -->","yoast_head_json":{"title":"Manteniment integral de camions i flotes Lleida","description":"Manteniment preventiu i mec\u00e0nica r\u00e0pida per a camions, furgonetes i semiremolcs a Lleida. Servei professional i \u00e0gil per a flotes.","robots":{"index":"index","follow":"follow","max-snippet":"max-snippet:-1","max-image-preview":"max-image-preview:large","max-video-preview":"max-video-preview:-1"},"canonical":"https:\/\/tallersbeauto.com\/ca\/serveis\/mantenimient-integral-i-mecanica-rapida-a-lleida\/","og_locale":"ca_ES","og_type":"article","og_title":"Manteniment integral de camions i flotes Lleida","og_description":"Manteniment preventiu i mec\u00e0nica r\u00e0pida per a camions, furgonetes i semiremolcs a Lleida. Servei professional i \u00e0gil per a flotes.","og_url":"https:\/\/tallersbeauto.com\/ca\/serveis\/mantenimient-integral-i-mecanica-rapida-a-lleida\/","og_site_name":"Talleres Beauto","article_modified_time":"2026-02-20T17:40:36+00:00","og_image":[{"width":600,"height":400,"url":"https:\/\/tallersbeauto.com\/wp-content\/uploads\/2026\/01\/Mantenimiento-coche.webp","type":"image\/webp"}],"twitter_card":"summary_large_image","twitter_misc":{"Temps estimat de lectura":"4 minuts"},"schema":{"@context":"https:\/\/schema.org","@graph":[{"@type":"WebPage","@id":"https:\/\/tallersbeauto.com\/ca\/serveis\/mantenimient-integral-i-mecanica-rapida-a-lleida\/","url":"https:\/\/tallersbeauto.com\/ca\/serveis\/mantenimient-integral-i-mecanica-rapida-a-lleida\/","name":"Manteniment integral de camions i flotes Lleida","isPartOf":{"@id":"https:\/\/tallersbeauto.com\/ca\/#website"},"primaryImageOfPage":{"@id":"https:\/\/tallersbeauto.com\/ca\/serveis\/mantenimient-integral-i-mecanica-rapida-a-lleida\/#primaryimage"},"image":{"@id":"https:\/\/tallersbeauto.com\/ca\/serveis\/mantenimient-integral-i-mecanica-rapida-a-lleida\/#primaryimage"},"thumbnailUrl":"https:\/\/tallersbeauto.com\/wp-content\/uploads\/2026\/01\/Mantenimiento-coche.webp","datePublished":"2025-10-01T11:37:55+00:00","dateModified":"2026-02-20T17:40:36+00:00","description":"Manteniment preventiu i mec\u00e0nica r\u00e0pida per a camions, furgonetes i semiremolcs a Lleida. Servei professional i \u00e0gil per a flotes.","breadcrumb":{"@id":"https:\/\/tallersbeauto.com\/ca\/serveis\/mantenimient-integral-i-mecanica-rapida-a-lleida\/#breadcrumb"},"inLanguage":"ca","potentialAction":[{"@type":"ReadAction","target":["https:\/\/tallersbeauto.com\/ca\/serveis\/mantenimient-integral-i-mecanica-rapida-a-lleida\/"]}]},{"@type":"ImageObject","inLanguage":"ca","@id":"https:\/\/tallersbeauto.com\/ca\/serveis\/mantenimient-integral-i-mecanica-rapida-a-lleida\/#primaryimage","url":"https:\/\/tallersbeauto.com\/wp-content\/uploads\/2026\/01\/Mantenimiento-coche.webp","contentUrl":"https:\/\/tallersbeauto.com\/wp-content\/uploads\/2026\/01\/Mantenimiento-coche.webp"},{"@type":"BreadcrumbList","@id":"https:\/\/tallersbeauto.com\/ca\/serveis\/mantenimient-integral-i-mecanica-rapida-a-lleida\/#breadcrumb","itemListElement":[{"@type":"ListItem","position":1,"name":"Portada","item":"https:\/\/tallersbeauto.com\/ca\/"},{"@type":"ListItem","position":2,"name":"Serveis","item":"https:\/\/tallersbeauto.com\/ca\/servicios\/"},{"@type":"ListItem","position":3,"name":"Mantenimient integral i mec\u00e0nica r\u00e0pida a Lleida"}]},{"@type":"WebSite","@id":"https:\/\/tallersbeauto.com\/ca\/#website","url":"https:\/\/tallersbeauto.com\/ca\/","name":"Talleres Beauto","description":"Tu taller de confianza","publisher":{"@id":"https:\/\/tallersbeauto.com\/ca\/#organization"},"potentialAction":[{"@type":"SearchAction","target":{"@type":"EntryPoint","urlTemplate":"https:\/\/tallersbeauto.com\/ca\/?s={search_term_string}"},"query-input":{"@type":"PropertyValueSpecification","valueRequired":true,"valueName":"search_term_string"}}],"inLanguage":"ca"},{"@type":"Organization","@id":"https:\/\/tallersbeauto.com\/ca\/#organization","name":"Talleres Beauto","url":"https:\/\/tallersbeauto.com\/ca\/","logo":{"@type":"ImageObject","inLanguage":"ca","@id":"https:\/\/tallersbeauto.com\/ca\/#\/schema\/logo\/image\/","url":"https:\/\/tallersbeauto.com\/wp-content\/uploads\/2026\/02\/logo-tb-80.png","contentUrl":"https:\/\/tallersbeauto.com\/wp-content\/uploads\/2026\/02\/logo-tb-80.png","width":112,"height":90,"caption":"Talleres Beauto"},"image":{"@id":"https:\/\/tallersbeauto.com\/ca\/#\/schema\/logo\/image\/"}}]}},"_links":{"self":[{"href":"https:\/\/tallersbeauto.com\/ca\/wp-json\/wp\/v2\/pages\/10908","targetHints":{"allow":["GET"]}}],"collection":[{"href":"https:\/\/tallersbeauto.com\/ca\/wp-json\/wp\/v2\/pages"}],"about":[{"href":"https:\/\/tallersbeauto.com\/ca\/wp-json\/wp\/v2\/types\/page"}],"author":[{"embeddable":true,"href":"https:\/\/tallersbeauto.com\/ca\/wp-json\/wp\/v2\/users\/1"}],"replies":[{"embeddable":true,"href":"https:\/\/tallersbeauto.com\/ca\/wp-json\/wp\/v2\/comments?post=10908"}],"version-history":[{"count":4,"href":"https:\/\/tallersbeauto.com\/ca\/wp-json\/wp\/v2\/pages\/10908\/revisions"}],"predecessor-version":[{"id":10937,"href":"https:\/\/tallersbeauto.com\/ca\/wp-json\/wp\/v2\/pages\/10908\/revisions\/10937"}],"up":[{"embeddable":true,"href":"https:\/\/tallersbeauto.com\/ca\/wp-json\/wp\/v2\/pages\/10905"}],"wp:attachment":[{"href":"https:\/\/tallersbeauto.com\/ca\/wp-json\/wp\/v2\/media?parent=10908"}],"curies":[{"name":"wp","href":"https:\/\/api.w.org\/{rel}","templated":true}]}}