{"id":10905,"date":"2026-02-16T17:12:06","date_gmt":"2026-02-16T17:12:06","guid":{"rendered":"https:\/\/tallersbeauto.com\/serveis\/"},"modified":"2026-02-20T17:39:23","modified_gmt":"2026-02-20T17:39:23","slug":"serveis","status":"publish","type":"page","link":"https:\/\/tallersbeauto.com\/ca\/serveis\/","title":{"rendered":"Serveis"},"content":{"rendered":"\t\t<div data-elementor-type=\"wp-page\" data-elementor-id=\"10905\" class=\"elementor elementor-10905 elementor-10727\">\n\t\t\t\t<div class=\"elementor-element elementor-element-c4aa00b e-flex e-con-boxed e-con e-parent\" data-id=\"c4aa00b\" data-element_type=\"container\" data-e-type=\"container\">\n\t\t\t\t\t<div class=\"e-con-inner\">\n\t\t\t\t<div class=\"elementor-element elementor-element-1a0f7a0 elementor-widget__width-initial elementor-invisible elementor-widget elementor-widget-text-editor\" data-id=\"1a0f7a0\" data-element_type=\"widget\" data-e-type=\"widget\" data-settings=\"{&quot;_animation&quot;:&quot;fadeInRight&quot;}\" data-widget_type=\"text-editor.default\">\n\t\t\t\t<div class=\"elementor-widget-container\">\n\t\t\t\t\t\t\t\t\t<p>A Tallers Beuato oferim una <strong data-start=\"429\" data-end=\"513\">gamma completa de serveis especialitzats per a camions i vehicles industrials<\/strong>, dissenyats per mantenir la vostra flota sempre operativa, segura i al m\u00e0xim rendiment.<\/p>\t\t\t\t\t\t\t\t<\/div>\n\t\t\t\t<\/div>\n\t\t\t\t<div class=\"elementor-element elementor-element-feab6c5 elementor-invisible elementor-widget elementor-widget-heading\" data-id=\"feab6c5\" data-element_type=\"widget\" data-e-type=\"widget\" data-settings=\"{&quot;_animation&quot;:&quot;fadeInRight&quot;}\" data-widget_type=\"heading.default\">\n\t\t\t\t<div class=\"elementor-widget-container\">\n\t\t\t\t\t<h2 class=\"elementor-heading-title elementor-size-default\">Els nostres serveis principals<\/h2>\t\t\t\t<\/div>\n\t\t\t\t<\/div>\n\t\t<div class=\"elementor-element elementor-element-95ba53e e-grid e-con-full e-con e-child\" data-id=\"95ba53e\" data-element_type=\"container\" data-e-type=\"container\">\n\t\t<div class=\"elementor-element elementor-element-c986a4a e-con-full e-flex e-con e-child\" data-id=\"c986a4a\" data-element_type=\"container\" data-e-type=\"container\">\n\t\t\t\t<div class=\"elementor-element elementor-element-742ca2e elementor-invisible elementor-widget elementor-widget-heading\" data-id=\"742ca2e\" data-element_type=\"widget\" data-e-type=\"widget\" data-settings=\"{&quot;_animation&quot;:&quot;fadeInRight&quot;}\" data-widget_type=\"heading.default\">\n\t\t\t\t<div class=\"elementor-widget-container\">\n\t\t\t\t\t<h3 class=\"elementor-heading-title elementor-size-default\">Manteniments integrals i mec\u00e0nica<\/h3>\t\t\t\t<\/div>\n\t\t\t\t<\/div>\n\t\t\t\t<div class=\"elementor-element elementor-element-fa54d26 elementor-widget elementor-widget-image\" data-id=\"fa54d26\" data-element_type=\"widget\" data-e-type=\"widget\" data-widget_type=\"image.default\">\n\t\t\t\t<div class=\"elementor-widget-container\">\n\t\t\t\t\t\t\t\t\t\t\t\t\t\t\t<img fetchpriority=\"high\" decoding=\"async\" width=\"740\" height=\"555\" src=\"https:\/\/tallersbeauto.com\/wp-content\/uploads\/2026\/01\/IMG_20190220_190109-6-1024x768.jpg\" class=\"attachment-large size-large wp-image-10687\" alt=\"\" srcset=\"https:\/\/tallersbeauto.com\/wp-content\/uploads\/2026\/01\/IMG_20190220_190109-6-1024x768.jpg 1024w, https:\/\/tallersbeauto.com\/wp-content\/uploads\/2026\/01\/IMG_20190220_190109-6-300x225.jpg 300w, https:\/\/tallersbeauto.com\/wp-content\/uploads\/2026\/01\/IMG_20190220_190109-6-768x576.jpg 768w, https:\/\/tallersbeauto.com\/wp-content\/uploads\/2026\/01\/IMG_20190220_190109-6-1536x1152.jpg 1536w, https:\/\/tallersbeauto.com\/wp-content\/uploads\/2026\/01\/IMG_20190220_190109-6.jpg 1920w\" sizes=\"(max-width: 740px) 100vw, 740px\" \/>\t\t\t\t\t\t\t\t\t\t\t\t\t\t\t<\/div>\n\t\t\t\t<\/div>\n\t\t\t\t<div class=\"elementor-element elementor-element-0ed7234 elementor-widget__width-initial elementor-invisible elementor-widget elementor-widget-text-editor\" data-id=\"0ed7234\" data-element_type=\"widget\" data-e-type=\"widget\" data-settings=\"{&quot;_animation&quot;:&quot;fadeInRight&quot;}\" data-widget_type=\"text-editor.default\">\n\t\t\t\t<div class=\"elementor-widget-container\">\n\t\t\t\t\t\t\t\t\t<h4 data-start=\"977\" data-end=\"1117\">\u2705 Revisi\u00f3 i manteniment preventiu<\/h4><p> <\/p><h4 data-start=\"977\" data-end=\"1117\">\u2705 Servei r\u00e0pid<\/h4><div class=\"elementor-element elementor-element-28b78b6 elementor-widget__width-initial elementor-widget elementor-widget-text-editor animated fadeInLeft\" data-id=\"28b78b6\" data-element_type=\"widget\" data-settings=\"{\"_animation\":\"fadeInLeft\"}\" data-widget_type=\"text-editor.default\"> <\/div><p data-start=\"977\" data-end=\"1117\"> <\/p>\t\t\t\t\t\t\t\t<\/div>\n\t\t\t\t<\/div>\n\t\t\t\t<div class=\"elementor-element elementor-element-324d904 elementor-align-center elementor-widget elementor-widget-button\" data-id=\"324d904\" data-element_type=\"widget\" data-e-type=\"widget\" data-widget_type=\"button.default\">\n\t\t\t\t<div class=\"elementor-widget-container\">\n\t\t\t\t\t\t\t\t\t<div class=\"elementor-button-wrapper\">\n\t\t\t\t\t<a class=\"elementor-button elementor-button-link elementor-size-sm\" href=\"https:\/\/tallersbeauto.com\/ca\/serveis\/mantenimient-integral-i-mecanica-rapida-a-lleida\/\">\n\t\t\t\t\t\t<span class=\"elementor-button-content-wrapper\">\n\t\t\t\t\t\t\t\t\t<span class=\"elementor-button-text\">Veure Manteniments i mec\u00e0nica<\/span>\n\t\t\t\t\t<\/span>\n\t\t\t\t\t<\/a>\n\t\t\t\t<\/div>\n\t\t\t\t\t\t\t\t<\/div>\n\t\t\t\t<\/div>\n\t\t\t\t<\/div>\n\t\t<div class=\"elementor-element elementor-element-e30b548 e-con-full e-flex e-con e-child\" data-id=\"e30b548\" data-element_type=\"container\" data-e-type=\"container\">\n\t\t\t\t<div class=\"elementor-element elementor-element-efcdb7a elementor-invisible elementor-widget elementor-widget-heading\" data-id=\"efcdb7a\" data-element_type=\"widget\" data-e-type=\"widget\" data-settings=\"{&quot;_animation&quot;:&quot;fadeInRight&quot;}\" data-widget_type=\"heading.default\">\n\t\t\t\t<div class=\"elementor-widget-container\">\n\t\t\t\t\t<h3 class=\"elementor-heading-title elementor-size-default\">Diagnosi i reparaci\u00f3 mec\u00e0nica del vostre vehicle<\/h3>\t\t\t\t<\/div>\n\t\t\t\t<\/div>\n\t\t\t\t<div class=\"elementor-element elementor-element-04cfe65 elementor-widget elementor-widget-image\" data-id=\"04cfe65\" data-element_type=\"widget\" data-e-type=\"widget\" data-widget_type=\"image.default\">\n\t\t\t\t<div class=\"elementor-widget-container\">\n\t\t\t\t\t\t\t\t\t\t\t\t\t\t\t<img decoding=\"async\" width=\"600\" height=\"400\" src=\"https:\/\/tallersbeauto.com\/wp-content\/uploads\/2026\/01\/Mantenimiento-coche.webp\" class=\"attachment-large size-large wp-image-10670\" alt=\"\" srcset=\"https:\/\/tallersbeauto.com\/wp-content\/uploads\/2026\/01\/Mantenimiento-coche.webp 600w, https:\/\/tallersbeauto.com\/wp-content\/uploads\/2026\/01\/Mantenimiento-coche-300x200.webp 300w\" sizes=\"(max-width: 600px) 100vw, 600px\" \/>\t\t\t\t\t\t\t\t\t\t\t\t\t\t\t<\/div>\n\t\t\t\t<\/div>\n\t\t\t\t<div class=\"elementor-element elementor-element-b8a310a elementor-widget__width-initial elementor-invisible elementor-widget elementor-widget-text-editor\" data-id=\"b8a310a\" data-element_type=\"widget\" data-e-type=\"widget\" data-settings=\"{&quot;_animation&quot;:&quot;fadeInRight&quot;}\" data-widget_type=\"text-editor.default\">\n\t\t\t\t<div class=\"elementor-widget-container\">\n\t\t\t\t\t\t\t\t\t<h4 data-start=\"977\" data-end=\"1117\">\u2705 Reparacions mec\u00e0niques especialitzades<\/h4><p> <\/p><div class=\"elementor-element elementor-element-0ed7234 elementor-widget__width-initial elementor-widget elementor-widget-text-editor animated fadeInRight\" data-id=\"0ed7234\" data-element_type=\"widget\" data-settings=\"{\"_animation\":\"fadeInRight\"}\" data-widget_type=\"text-editor.default\"><h4 class=\"elementor-widget-container\">\u2705 Sistemes d&#8217;escapament i rendiment<\/h4><p> <\/p><\/div>\t\t\t\t\t\t\t\t<\/div>\n\t\t\t\t<\/div>\n\t\t\t\t<div class=\"elementor-element elementor-element-fb21397 elementor-align-center elementor-widget elementor-widget-button\" data-id=\"fb21397\" data-element_type=\"widget\" data-e-type=\"widget\" data-widget_type=\"button.default\">\n\t\t\t\t<div class=\"elementor-widget-container\">\n\t\t\t\t\t\t\t\t\t<div class=\"elementor-button-wrapper\">\n\t\t\t\t\t<a class=\"elementor-button elementor-button-link elementor-size-sm\" href=\"https:\/\/tallersbeauto.com\/ca\/serveis\/diagnosi-i-reparacio-mecanica-multimarca-a-lleida\/\">\n\t\t\t\t\t\t<span class=\"elementor-button-content-wrapper\">\n\t\t\t\t\t\t\t\t\t<span class=\"elementor-button-text\">Veure Diagn\u00f2stic i reparaci\u00f3<\/span>\n\t\t\t\t\t<\/span>\n\t\t\t\t\t<\/a>\n\t\t\t\t<\/div>\n\t\t\t\t\t\t\t\t<\/div>\n\t\t\t\t<\/div>\n\t\t\t\t<\/div>\n\t\t<div class=\"elementor-element elementor-element-f63e0e2 e-con-full e-flex e-con e-child\" data-id=\"f63e0e2\" data-element_type=\"container\" data-e-type=\"container\">\n\t\t\t\t<div class=\"elementor-element elementor-element-eb5972b elementor-invisible elementor-widget elementor-widget-heading\" data-id=\"eb5972b\" data-element_type=\"widget\" data-e-type=\"widget\" data-settings=\"{&quot;_animation&quot;:&quot;fadeInRight&quot;}\" data-widget_type=\"heading.default\">\n\t\t\t\t<div class=\"elementor-widget-container\">\n\t\t\t\t\t<h3 class=\"elementor-heading-title elementor-size-default\">Climatitzaci\u00f3 i confort al vostre vehicle<\/h3>\t\t\t\t<\/div>\n\t\t\t\t<\/div>\n\t\t\t\t<div class=\"elementor-element elementor-element-183ee3b elementor-widget elementor-widget-image\" data-id=\"183ee3b\" data-element_type=\"widget\" data-e-type=\"widget\" data-widget_type=\"image.default\">\n\t\t\t\t<div class=\"elementor-widget-container\">\n\t\t\t\t\t\t\t\t\t\t\t\t\t\t\t<img decoding=\"async\" width=\"740\" height=\"416\" src=\"https:\/\/tallersbeauto.com\/wp-content\/uploads\/2026\/01\/que-es-la-diagnosis-electronica-y-por-que-es-imprescindible-para-su-coche_img205517t1.jpg\" class=\"attachment-large size-large wp-image-10672\" alt=\"\" srcset=\"https:\/\/tallersbeauto.com\/wp-content\/uploads\/2026\/01\/que-es-la-diagnosis-electronica-y-por-que-es-imprescindible-para-su-coche_img205517t1.jpg 1024w, https:\/\/tallersbeauto.com\/wp-content\/uploads\/2026\/01\/que-es-la-diagnosis-electronica-y-por-que-es-imprescindible-para-su-coche_img205517t1-300x169.jpg 300w, https:\/\/tallersbeauto.com\/wp-content\/uploads\/2026\/01\/que-es-la-diagnosis-electronica-y-por-que-es-imprescindible-para-su-coche_img205517t1-768x432.jpg 768w\" sizes=\"(max-width: 740px) 100vw, 740px\" \/>\t\t\t\t\t\t\t\t\t\t\t\t\t\t\t<\/div>\n\t\t\t\t<\/div>\n\t\t\t\t<div class=\"elementor-element elementor-element-c777902 elementor-widget__width-initial elementor-invisible elementor-widget elementor-widget-text-editor\" data-id=\"c777902\" data-element_type=\"widget\" data-e-type=\"widget\" data-settings=\"{&quot;_animation&quot;:&quot;fadeInRight&quot;}\" data-widget_type=\"text-editor.default\">\n\t\t\t\t<div class=\"elementor-widget-container\">\n\t\t\t\t\t\t\t\t\t<h4 data-start=\"977\" data-end=\"1117\">\u2705 C\u00e0rrega i manteniment de l&#8217;aire condicionat<\/h4><p> <\/p><div class=\"elementor-element elementor-element-0ed7234 elementor-widget__width-initial elementor-widget elementor-widget-text-editor animated fadeInRight\" data-id=\"0ed7234\" data-element_type=\"widget\" data-settings=\"{\"_animation\":\"fadeInRight\"}\" data-widget_type=\"text-editor.default\"><h4 class=\"elementor-widget-container\">\u2705 Filtres i ventilaci\u00f3<\/h4><\/div><p data-start=\"977\" data-end=\"1117\"> <\/p>\t\t\t\t\t\t\t\t<\/div>\n\t\t\t\t<\/div>\n\t\t\t\t<div class=\"elementor-element elementor-element-816a071 elementor-align-center elementor-widget elementor-widget-button\" data-id=\"816a071\" data-element_type=\"widget\" data-e-type=\"widget\" data-widget_type=\"button.default\">\n\t\t\t\t<div class=\"elementor-widget-container\">\n\t\t\t\t\t\t\t\t\t<div class=\"elementor-button-wrapper\">\n\t\t\t\t\t<a class=\"elementor-button elementor-button-link elementor-size-sm\" href=\"https:\/\/tallersbeauto.com\/ca\/serveis\/climatitzacio-i-confort-en-vehicles-industrials-a-lleida\/\">\n\t\t\t\t\t\t<span class=\"elementor-button-content-wrapper\">\n\t\t\t\t\t\t\t\t\t<span class=\"elementor-button-text\">Veure Climatitzaci\u00f3 industrial<\/span>\n\t\t\t\t\t<\/span>\n\t\t\t\t\t<\/a>\n\t\t\t\t<\/div>\n\t\t\t\t\t\t\t\t<\/div>\n\t\t\t\t<\/div>\n\t\t\t\t<\/div>\n\t\t\t\t<\/div>\n\t\t\t\t\t<\/div>\n\t\t\t\t<\/div>\n\t\t<div class=\"elementor-element elementor-element-b3dd014 e-flex e-con-boxed e-con e-parent\" data-id=\"b3dd014\" data-element_type=\"container\" data-e-type=\"container\" data-settings=\"{&quot;background_background&quot;:&quot;classic&quot;}\">\n\t\t\t\t\t<div class=\"e-con-inner\">\n\t\t\t\t<div class=\"elementor-element elementor-element-8099b93 elementor-widget elementor-widget-heading\" data-id=\"8099b93\" data-element_type=\"widget\" data-e-type=\"widget\" data-widget_type=\"heading.default\">\n\t\t\t\t<div class=\"elementor-widget-container\">\n\t\t\t\t\t<h2 class=\"elementor-heading-title elementor-size-default\">Per qu\u00e8 triar-nos?<\/h2>\t\t\t\t<\/div>\n\t\t\t\t<\/div>\n\t\t\t\t<div class=\"elementor-element elementor-element-e519032 elementor-widget elementor-widget-text-editor\" data-id=\"e519032\" data-element_type=\"widget\" data-e-type=\"widget\" data-widget_type=\"text-editor.default\">\n\t\t\t\t<div class=\"elementor-widget-container\">\n\t\t\t\t\t\t\t\t\t<h5><span style=\"color: #ffffff;\">\u2713 Professionals t\u00e8cnics amb experi\u00e8ncia en vehicles industrials<\/span><\/h5><h5> <\/h5><h5><span style=\"color: #ffffff;\">\u2713 Equips i eines avan\u00e7ades<\/span><\/h5><h5> <\/h5><h5><span style=\"color: #ffffff;\">\u2713 Plans de manteniment adaptats a les vostres necessitats<\/span><\/h5><h5> <\/h5><h5 data-start=\"4389\" data-end=\"4437\"><span style=\"color: #ffffff;\">\u2713 Atenci\u00f3 personalitzada per a aut\u00f2noms i empreses<\/span><\/h5>\t\t\t\t\t\t\t\t<\/div>\n\t\t\t\t<\/div>\n\t\t\t\t<div class=\"elementor-element elementor-element-c4392ed elementor-align-center elementor-invisible elementor-widget elementor-widget-button\" data-id=\"c4392ed\" data-element_type=\"widget\" data-e-type=\"widget\" data-settings=\"{&quot;_animation&quot;:&quot;fadeInRight&quot;}\" data-widget_type=\"button.default\">\n\t\t\t\t<div class=\"elementor-widget-container\">\n\t\t\t\t\t\t\t\t\t<div class=\"elementor-button-wrapper\">\n\t\t\t\t\t<a class=\"elementor-button elementor-button-link elementor-size-sm\" href=\"https:\/\/tallersbeauto.com\/ca\/contacte\/\">\n\t\t\t\t\t\t<span class=\"elementor-button-content-wrapper\">\n\t\t\t\t\t\t\t\t\t<span class=\"elementor-button-text\">Contacte<\/span>\n\t\t\t\t\t<\/span>\n\t\t\t\t\t<\/a>\n\t\t\t\t<\/div>\n\t\t\t\t\t\t\t\t<\/div>\n\t\t\t\t<\/div>\n\t\t\t\t\t<\/div>\n\t\t\t\t<\/div>\n\t\t\t\t<\/div>\n\t\t","protected":false},"excerpt":{"rendered":"<p>A Tallers Beuato oferim una gamma completa de serveis especialitzats per a camions i vehicles industrials, dissenyats per mantenir la vostra flota sempre operativa, segura i al m\u00e0xim rendiment. Els nostres serveis principals Manteniments integrals i mec\u00e0nica \u2705 Revisi\u00f3 i manteniment preventiu \u2705 Servei r\u00e0pid Veure Manteniments i mec\u00e0nica Diagnosi i reparaci\u00f3 mec\u00e0nica del vostre<\/p>\n","protected":false},"author":1,"featured_media":0,"parent":0,"menu_order":0,"comment_status":"closed","ping_status":"closed","template":"elementor_header_footer","meta":{"inline_featured_image":false,"footnotes":""},"class_list":["post-10905","page","type-page","status-publish","hentry"],"yoast_head":"<!-- This site is optimized with the Yoast SEO plugin v27.1.1 - https:\/\/yoast.com\/product\/yoast-seo-wordpress\/ -->\n<title>Manteniment integral de camions i flotes Lleida<\/title>\n<meta name=\"description\" content=\"Manteniment preventiu i mec\u00e0nica r\u00e0pida per a camions, furgonetes i semiremolcs a Lleida. Servei professional i \u00e0gil per a flotes.\" \/>\n<meta name=\"robots\" content=\"index, follow, max-snippet:-1, max-image-preview:large, max-video-preview:-1\" \/>\n<link rel=\"canonical\" href=\"https:\/\/tallersbeauto.com\/ca\/serveis\/\" \/>\n<meta property=\"og:locale\" content=\"ca_ES\" \/>\n<meta property=\"og:type\" content=\"article\" \/>\n<meta property=\"og:title\" content=\"Manteniment integral de camions i flotes Lleida\" \/>\n<meta property=\"og:description\" content=\"Manteniment preventiu i mec\u00e0nica r\u00e0pida per a camions, furgonetes i semiremolcs a Lleida. Servei professional i \u00e0gil per a flotes.\" \/>\n<meta property=\"og:url\" content=\"https:\/\/tallersbeauto.com\/ca\/serveis\/\" \/>\n<meta property=\"og:site_name\" content=\"Talleres Beauto\" \/>\n<meta property=\"article:modified_time\" content=\"2026-02-20T17:39:23+00:00\" \/>\n<meta property=\"og:image\" content=\"https:\/\/tallersbeauto.com\/wp-content\/uploads\/2026\/01\/IMG_20190220_190109-6.jpg\" \/>\n\t<meta property=\"og:image:width\" content=\"1920\" \/>\n\t<meta property=\"og:image:height\" content=\"1440\" \/>\n\t<meta property=\"og:image:type\" content=\"image\/jpeg\" \/>\n<meta name=\"twitter:card\" content=\"summary_large_image\" \/>\n<meta name=\"twitter:label1\" content=\"Temps estimat de lectura\" \/>\n\t<meta name=\"twitter:data1\" content=\"3 minuts\" \/>\n<script type=\"application\/ld+json\" class=\"yoast-schema-graph\">{\"@context\":\"https:\/\/schema.org\",\"@graph\":[{\"@type\":\"WebPage\",\"@id\":\"https:\/\/tallersbeauto.com\/ca\/serveis\/\",\"url\":\"https:\/\/tallersbeauto.com\/ca\/serveis\/\",\"name\":\"Manteniment integral de camions i flotes Lleida\",\"isPartOf\":{\"@id\":\"https:\/\/tallersbeauto.com\/ca\/#website\"},\"primaryImageOfPage\":{\"@id\":\"https:\/\/tallersbeauto.com\/ca\/serveis\/#primaryimage\"},\"image\":{\"@id\":\"https:\/\/tallersbeauto.com\/ca\/serveis\/#primaryimage\"},\"thumbnailUrl\":\"https:\/\/tallersbeauto.com\/wp-content\/uploads\/2026\/01\/IMG_20190220_190109-6-1024x768.jpg\",\"datePublished\":\"2026-02-16T17:12:06+00:00\",\"dateModified\":\"2026-02-20T17:39:23+00:00\",\"description\":\"Manteniment preventiu i mec\u00e0nica r\u00e0pida per a camions, furgonetes i semiremolcs a Lleida. Servei professional i \u00e0gil per a flotes.\",\"breadcrumb\":{\"@id\":\"https:\/\/tallersbeauto.com\/ca\/serveis\/#breadcrumb\"},\"inLanguage\":\"ca\",\"potentialAction\":[{\"@type\":\"ReadAction\",\"target\":[\"https:\/\/tallersbeauto.com\/ca\/serveis\/\"]}]},{\"@type\":\"ImageObject\",\"inLanguage\":\"ca\",\"@id\":\"https:\/\/tallersbeauto.com\/ca\/serveis\/#primaryimage\",\"url\":\"https:\/\/tallersbeauto.com\/wp-content\/uploads\/2026\/01\/IMG_20190220_190109-6-1024x768.jpg\",\"contentUrl\":\"https:\/\/tallersbeauto.com\/wp-content\/uploads\/2026\/01\/IMG_20190220_190109-6-1024x768.jpg\"},{\"@type\":\"BreadcrumbList\",\"@id\":\"https:\/\/tallersbeauto.com\/ca\/serveis\/#breadcrumb\",\"itemListElement\":[{\"@type\":\"ListItem\",\"position\":1,\"name\":\"Portada\",\"item\":\"https:\/\/tallersbeauto.com\/ca\/\"},{\"@type\":\"ListItem\",\"position\":2,\"name\":\"Serveis\"}]},{\"@type\":\"WebSite\",\"@id\":\"https:\/\/tallersbeauto.com\/ca\/#website\",\"url\":\"https:\/\/tallersbeauto.com\/ca\/\",\"name\":\"Talleres Beauto\",\"description\":\"Tu taller de confianza\",\"publisher\":{\"@id\":\"https:\/\/tallersbeauto.com\/ca\/#organization\"},\"potentialAction\":[{\"@type\":\"SearchAction\",\"target\":{\"@type\":\"EntryPoint\",\"urlTemplate\":\"https:\/\/tallersbeauto.com\/ca\/?s={search_term_string}\"},\"query-input\":{\"@type\":\"PropertyValueSpecification\",\"valueRequired\":true,\"valueName\":\"search_term_string\"}}],\"inLanguage\":\"ca\"},{\"@type\":\"Organization\",\"@id\":\"https:\/\/tallersbeauto.com\/ca\/#organization\",\"name\":\"Talleres Beauto\",\"url\":\"https:\/\/tallersbeauto.com\/ca\/\",\"logo\":{\"@type\":\"ImageObject\",\"inLanguage\":\"ca\",\"@id\":\"https:\/\/tallersbeauto.com\/ca\/#\/schema\/logo\/image\/\",\"url\":\"https:\/\/tallersbeauto.com\/wp-content\/uploads\/2026\/02\/logo-tb-80.png\",\"contentUrl\":\"https:\/\/tallersbeauto.com\/wp-content\/uploads\/2026\/02\/logo-tb-80.png\",\"width\":112,\"height\":90,\"caption\":\"Talleres Beauto\"},\"image\":{\"@id\":\"https:\/\/tallersbeauto.com\/ca\/#\/schema\/logo\/image\/\"}}]}<\/script>\n<!-- \/ Yoast SEO plugin. -->","yoast_head_json":{"title":"Manteniment integral de camions i flotes Lleida","description":"Manteniment preventiu i mec\u00e0nica r\u00e0pida per a camions, furgonetes i semiremolcs a Lleida. Servei professional i \u00e0gil per a flotes.","robots":{"index":"index","follow":"follow","max-snippet":"max-snippet:-1","max-image-preview":"max-image-preview:large","max-video-preview":"max-video-preview:-1"},"canonical":"https:\/\/tallersbeauto.com\/ca\/serveis\/","og_locale":"ca_ES","og_type":"article","og_title":"Manteniment integral de camions i flotes Lleida","og_description":"Manteniment preventiu i mec\u00e0nica r\u00e0pida per a camions, furgonetes i semiremolcs a Lleida. Servei professional i \u00e0gil per a flotes.","og_url":"https:\/\/tallersbeauto.com\/ca\/serveis\/","og_site_name":"Talleres Beauto","article_modified_time":"2026-02-20T17:39:23+00:00","og_image":[{"width":1920,"height":1440,"url":"https:\/\/tallersbeauto.com\/wp-content\/uploads\/2026\/01\/IMG_20190220_190109-6.jpg","type":"image\/jpeg"}],"twitter_card":"summary_large_image","twitter_misc":{"Temps estimat de lectura":"3 minuts"},"schema":{"@context":"https:\/\/schema.org","@graph":[{"@type":"WebPage","@id":"https:\/\/tallersbeauto.com\/ca\/serveis\/","url":"https:\/\/tallersbeauto.com\/ca\/serveis\/","name":"Manteniment integral de camions i flotes Lleida","isPartOf":{"@id":"https:\/\/tallersbeauto.com\/ca\/#website"},"primaryImageOfPage":{"@id":"https:\/\/tallersbeauto.com\/ca\/serveis\/#primaryimage"},"image":{"@id":"https:\/\/tallersbeauto.com\/ca\/serveis\/#primaryimage"},"thumbnailUrl":"https:\/\/tallersbeauto.com\/wp-content\/uploads\/2026\/01\/IMG_20190220_190109-6-1024x768.jpg","datePublished":"2026-02-16T17:12:06+00:00","dateModified":"2026-02-20T17:39:23+00:00","description":"Manteniment preventiu i mec\u00e0nica r\u00e0pida per a camions, furgonetes i semiremolcs a Lleida. Servei professional i \u00e0gil per a flotes.","breadcrumb":{"@id":"https:\/\/tallersbeauto.com\/ca\/serveis\/#breadcrumb"},"inLanguage":"ca","potentialAction":[{"@type":"ReadAction","target":["https:\/\/tallersbeauto.com\/ca\/serveis\/"]}]},{"@type":"ImageObject","inLanguage":"ca","@id":"https:\/\/tallersbeauto.com\/ca\/serveis\/#primaryimage","url":"https:\/\/tallersbeauto.com\/wp-content\/uploads\/2026\/01\/IMG_20190220_190109-6-1024x768.jpg","contentUrl":"https:\/\/tallersbeauto.com\/wp-content\/uploads\/2026\/01\/IMG_20190220_190109-6-1024x768.jpg"},{"@type":"BreadcrumbList","@id":"https:\/\/tallersbeauto.com\/ca\/serveis\/#breadcrumb","itemListElement":[{"@type":"ListItem","position":1,"name":"Portada","item":"https:\/\/tallersbeauto.com\/ca\/"},{"@type":"ListItem","position":2,"name":"Serveis"}]},{"@type":"WebSite","@id":"https:\/\/tallersbeauto.com\/ca\/#website","url":"https:\/\/tallersbeauto.com\/ca\/","name":"Talleres Beauto","description":"Tu taller de confianza","publisher":{"@id":"https:\/\/tallersbeauto.com\/ca\/#organization"},"potentialAction":[{"@type":"SearchAction","target":{"@type":"EntryPoint","urlTemplate":"https:\/\/tallersbeauto.com\/ca\/?s={search_term_string}"},"query-input":{"@type":"PropertyValueSpecification","valueRequired":true,"valueName":"search_term_string"}}],"inLanguage":"ca"},{"@type":"Organization","@id":"https:\/\/tallersbeauto.com\/ca\/#organization","name":"Talleres Beauto","url":"https:\/\/tallersbeauto.com\/ca\/","logo":{"@type":"ImageObject","inLanguage":"ca","@id":"https:\/\/tallersbeauto.com\/ca\/#\/schema\/logo\/image\/","url":"https:\/\/tallersbeauto.com\/wp-content\/uploads\/2026\/02\/logo-tb-80.png","contentUrl":"https:\/\/tallersbeauto.com\/wp-content\/uploads\/2026\/02\/logo-tb-80.png","width":112,"height":90,"caption":"Talleres Beauto"},"image":{"@id":"https:\/\/tallersbeauto.com\/ca\/#\/schema\/logo\/image\/"}}]}},"_links":{"self":[{"href":"https:\/\/tallersbeauto.com\/ca\/wp-json\/wp\/v2\/pages\/10905","targetHints":{"allow":["GET"]}}],"collection":[{"href":"https:\/\/tallersbeauto.com\/ca\/wp-json\/wp\/v2\/pages"}],"about":[{"href":"https:\/\/tallersbeauto.com\/ca\/wp-json\/wp\/v2\/types\/page"}],"author":[{"embeddable":true,"href":"https:\/\/tallersbeauto.com\/ca\/wp-json\/wp\/v2\/users\/1"}],"replies":[{"embeddable":true,"href":"https:\/\/tallersbeauto.com\/ca\/wp-json\/wp\/v2\/comments?post=10905"}],"version-history":[{"count":7,"href":"https:\/\/tallersbeauto.com\/ca\/wp-json\/wp\/v2\/pages\/10905\/revisions"}],"predecessor-version":[{"id":10934,"href":"https:\/\/tallersbeauto.com\/ca\/wp-json\/wp\/v2\/pages\/10905\/revisions\/10934"}],"wp:attachment":[{"href":"https:\/\/tallersbeauto.com\/ca\/wp-json\/wp\/v2\/media?parent=10905"}],"curies":[{"name":"wp","href":"https:\/\/api.w.org\/{rel}","templated":true}]}}